{"id":19044,"date":"2026-01-14T09:25:29","date_gmt":"2026-01-14T08:25:29","guid":{"rendered":"http:\/\/saci.planetaries.cat\/?post_type=product&#038;p=19044"},"modified":"2026-03-17T13:48:07","modified_gmt":"2026-03-17T12:48:07","slug":"contador-de-energia-tcidl-mid","status":"publish","type":"product","link":"https:\/\/www.saci.es\/en\/product\/contador-de-energia-tcidl-mid\/","title":{"rendered":"TCIDL-MID Energy meter"},"content":{"rendered":"<p>The TCIDL-MID three-phase meter + analyser is designed not only to act as an energy meter, but also to measure three-phase network parameters such as voltage, current, active, reactive and apparent power, power factor, frequency and maximum demand at low voltage. It stands out for its RS-485 and infrared communication with the potential to connect up to 32 units in the same loop or 128 through a converter, being able to be controlled from any computer or network device.<\/p>","protected":false},"excerpt":{"rendered":"<p>The TCIDL-MID three-phase meter + analyser is designed not only to act as an energy meter, but also to measure three-phase network parameters such as voltage,<br \/>\ncurrent, active, reactive and apparent power, power factor, frequency and maximum demand at low voltage.<\/p>\n<p>It stands out for its RS-485 and infrared communication with the potential to connect up to 32 devices in the same loop or 128 through a converter, being able to be controlled from any computer or networked device.<\/p>","protected":false},"featured_media":19098,"template":"","meta":{"_acf_changed":false},"product_brand":[],"product_cat":[228,19,227],"product_tag":[],"class_list":{"0":"post-19044","1":"product","2":"type-product","3":"status-publish","4":"has-post-thumbnail","6":"product_cat-contadores-certificados-mid-trifasicos","7":"product_cat-contadores-de-energia","8":"product_cat-trifasicos","9":"","10":"woocommerce-text-align-left","11":"woocommerce-image-align-center","13":"first","14":"instock","15":"shipping-taxable","16":"product-type-simple"},"acf":[],"yoast_head":"<!-- This site is optimized with the Yoast SEO plugin v26.9 - https:\/\/yoast.com\/product\/yoast-seo-wordpress\/ -->\n<title>Contador de energ\u00eda TCIDL-MID | SACI<\/title>\n<meta name=\"robots\" content=\"index, follow, max-snippet:-1, max-image-preview:large, max-video-preview:-1\" \/>\n<link rel=\"canonical\" href=\"https:\/\/www.saci.es\/en\/product\/contador-de-energia-tcidl-mid\/\" \/>\n<meta property=\"og:locale\" content=\"en_GB\" \/>\n<meta property=\"og:type\" content=\"article\" \/>\n<meta property=\"og:title\" content=\"Contador de energ\u00eda TCIDL-MID | SACI\" \/>\n<meta property=\"og:description\" content=\"El contador + analizador trif\u00e1sico TCIDL-MID est\u00e1 dise\u00f1ado para adem\u00e1s de actuar como contador de energ\u00eda, poder medir par\u00e1metros de una red trif\u00e1sica tales como tensi\u00f3n, intensidad, potencia activa, reactiva, aparente, factror de potencia, frecuencia y m\u00e1xima demanda en baja tensi\u00f3n.  Destaca por su comunicaci\u00f3n RS-485 e infrarroja con potencial para conectar hasta 32 equipos en un mismo bucle o 128 a trav\u00e9s de conversor, siendo capaz de ser controlado desde cualquier ordenador o dispositivo en red.\" \/>\n<meta property=\"og:url\" content=\"https:\/\/www.saci.es\/en\/product\/contador-de-energia-tcidl-mid\/\" \/>\n<meta property=\"og:site_name\" content=\"SACI\" \/>\n<meta property=\"article:modified_time\" content=\"2026-03-17T12:48:07+00:00\" \/>\n<meta property=\"og:image\" content=\"https:\/\/www.saci.es\/wp-content\/uploads\/2026\/01\/TCIDL-MID.jpg\" \/>\n\t<meta property=\"og:image:width\" content=\"800\" \/>\n\t<meta property=\"og:image:height\" content=\"800\" \/>\n\t<meta property=\"og:image:type\" content=\"image\/jpeg\" \/>\n<meta name=\"twitter:card\" content=\"summary_large_image\" \/>\n<meta name=\"twitter:label1\" content=\"Estimated reading time\" \/>\n\t<meta name=\"twitter:data1\" content=\"1 minute\" \/>\n<script type=\"application\/ld+json\" class=\"yoast-schema-graph\">{\"@context\":\"https:\/\/schema.org\",\"@graph\":[{\"@type\":\"WebPage\",\"@id\":\"https:\/\/www.saci.es\/producto\/contador-de-energia-tcidl-mid\/\",\"url\":\"https:\/\/www.saci.es\/producto\/contador-de-energia-tcidl-mid\/\",\"name\":\"Contador de energ\u00eda TCIDL-MID | SACI\",\"isPartOf\":{\"@id\":\"\/#website\"},\"primaryImageOfPage\":{\"@id\":\"https:\/\/www.saci.es\/producto\/contador-de-energia-tcidl-mid\/#primaryimage\"},\"image\":{\"@id\":\"https:\/\/www.saci.es\/producto\/contador-de-energia-tcidl-mid\/#primaryimage\"},\"thumbnailUrl\":\"https:\/\/www.saci.es\/wp-content\/uploads\/2026\/01\/TCIDL-MID.jpg\",\"datePublished\":\"2026-01-14T08:25:29+00:00\",\"dateModified\":\"2026-03-17T12:48:07+00:00\",\"breadcrumb\":{\"@id\":\"https:\/\/www.saci.es\/producto\/contador-de-energia-tcidl-mid\/#breadcrumb\"},\"inLanguage\":\"en-GB\",\"potentialAction\":[{\"@type\":\"ReadAction\",\"target\":[\"https:\/\/www.saci.es\/producto\/contador-de-energia-tcidl-mid\/\"]}]},{\"@type\":\"ImageObject\",\"inLanguage\":\"en-GB\",\"@id\":\"https:\/\/www.saci.es\/producto\/contador-de-energia-tcidl-mid\/#primaryimage\",\"url\":\"https:\/\/www.saci.es\/wp-content\/uploads\/2026\/01\/TCIDL-MID.jpg\",\"contentUrl\":\"https:\/\/www.saci.es\/wp-content\/uploads\/2026\/01\/TCIDL-MID.jpg\",\"width\":800,\"height\":800},{\"@type\":\"BreadcrumbList\",\"@id\":\"https:\/\/www.saci.es\/producto\/contador-de-energia-tcidl-mid\/#breadcrumb\",\"itemListElement\":[{\"@type\":\"ListItem\",\"position\":1,\"name\":\"Portada\",\"item\":\"https:\/\/www.saci.es\/\"},{\"@type\":\"ListItem\",\"position\":2,\"name\":\"Contador de energ\u00eda TCIDL-MID\"}]},{\"@type\":\"WebSite\",\"@id\":\"\/#website\",\"url\":\"\/\",\"name\":\"SACI\",\"description\":\"Dise\u00f1o, fabricaci\u00f3n y comercializaci\u00f3n de equipos orientados al Control y Eficiencia Energ\u00e9tica El\u00e9ctrica\",\"publisher\":{\"@id\":\"\/#organization\"},\"potentialAction\":[{\"@type\":\"SearchAction\",\"target\":{\"@type\":\"EntryPoint\",\"urlTemplate\":\"\/?s={search_term_string}\"},\"query-input\":{\"@type\":\"PropertyValueSpecification\",\"valueRequired\":true,\"valueName\":\"search_term_string\"}}],\"inLanguage\":\"en-GB\"},{\"@type\":\"Organization\",\"@id\":\"\/#organization\",\"name\":\"SACI\",\"url\":\"\/\",\"logo\":{\"@type\":\"ImageObject\",\"inLanguage\":\"en-GB\",\"@id\":\"\/#\/schema\/logo\/image\/\",\"url\":\"https:\/\/www.saci.es\/wp-content\/uploads\/2025\/12\/SACI.svg\",\"contentUrl\":\"https:\/\/www.saci.es\/wp-content\/uploads\/2025\/12\/SACI.svg\",\"caption\":\"SACI\"},\"image\":{\"@id\":\"\/#\/schema\/logo\/image\/\"}}]}<\/script>\n<!-- \/ Yoast SEO plugin. -->","yoast_head_json":{"title":"TCIDL-MID | SACI energy meter","robots":{"index":"index","follow":"follow","max-snippet":"max-snippet:-1","max-image-preview":"max-image-preview:large","max-video-preview":"max-video-preview:-1"},"canonical":"https:\/\/www.saci.es\/en\/product\/contador-de-energia-tcidl-mid\/","og_locale":"en_GB","og_type":"article","og_title":"Contador de energ\u00eda TCIDL-MID | SACI","og_description":"El contador + analizador trif\u00e1sico TCIDL-MID est\u00e1 dise\u00f1ado para adem\u00e1s de actuar como contador de energ\u00eda, poder medir par\u00e1metros de una red trif\u00e1sica tales como tensi\u00f3n, intensidad, potencia activa, reactiva, aparente, factror de potencia, frecuencia y m\u00e1xima demanda en baja tensi\u00f3n.  Destaca por su comunicaci\u00f3n RS-485 e infrarroja con potencial para conectar hasta 32 equipos en un mismo bucle o 128 a trav\u00e9s de conversor, siendo capaz de ser controlado desde cualquier ordenador o dispositivo en red.","og_url":"https:\/\/www.saci.es\/en\/product\/contador-de-energia-tcidl-mid\/","og_site_name":"SACI","article_modified_time":"2026-03-17T12:48:07+00:00","og_image":[{"width":800,"height":800,"url":"https:\/\/www.saci.es\/wp-content\/uploads\/2026\/01\/TCIDL-MID.jpg","type":"image\/jpeg"}],"twitter_card":"summary_large_image","twitter_misc":{"Estimated reading time":"1 minute"},"schema":{"@context":"https:\/\/schema.org","@graph":[{"@type":"WebPage","@id":"https:\/\/www.saci.es\/producto\/contador-de-energia-tcidl-mid\/","url":"https:\/\/www.saci.es\/producto\/contador-de-energia-tcidl-mid\/","name":"TCIDL-MID | SACI energy meter","isPartOf":{"@id":"\/#website"},"primaryImageOfPage":{"@id":"https:\/\/www.saci.es\/producto\/contador-de-energia-tcidl-mid\/#primaryimage"},"image":{"@id":"https:\/\/www.saci.es\/producto\/contador-de-energia-tcidl-mid\/#primaryimage"},"thumbnailUrl":"https:\/\/www.saci.es\/wp-content\/uploads\/2026\/01\/TCIDL-MID.jpg","datePublished":"2026-01-14T08:25:29+00:00","dateModified":"2026-03-17T12:48:07+00:00","breadcrumb":{"@id":"https:\/\/www.saci.es\/producto\/contador-de-energia-tcidl-mid\/#breadcrumb"},"inLanguage":"en-GB","potentialAction":[{"@type":"ReadAction","target":["https:\/\/www.saci.es\/producto\/contador-de-energia-tcidl-mid\/"]}]},{"@type":"ImageObject","inLanguage":"en-GB","@id":"https:\/\/www.saci.es\/producto\/contador-de-energia-tcidl-mid\/#primaryimage","url":"https:\/\/www.saci.es\/wp-content\/uploads\/2026\/01\/TCIDL-MID.jpg","contentUrl":"https:\/\/www.saci.es\/wp-content\/uploads\/2026\/01\/TCIDL-MID.jpg","width":800,"height":800},{"@type":"BreadcrumbList","@id":"https:\/\/www.saci.es\/producto\/contador-de-energia-tcidl-mid\/#breadcrumb","itemListElement":[{"@type":"ListItem","position":1,"name":"Portada","item":"https:\/\/www.saci.es\/"},{"@type":"ListItem","position":2,"name":"Contador de energ\u00eda TCIDL-MID"}]},{"@type":"WebSite","@id":"\/#website","url":"\/","name":"SACI","description":"Design, manufacture and commercialisation of equipment for Electrical Energy Efficiency and Control.","publisher":{"@id":"\/#organization"},"potentialAction":[{"@type":"SearchAction","target":{"@type":"EntryPoint","urlTemplate":"\/?s={search_term_string}"},"query-input":{"@type":"PropertyValueSpecification","valueRequired":true,"valueName":"search_term_string"}}],"inLanguage":"en-GB"},{"@type":"Organization","@id":"\/#organization","name":"SACI","url":"\/","logo":{"@type":"ImageObject","inLanguage":"en-GB","@id":"\/#\/schema\/logo\/image\/","url":"https:\/\/www.saci.es\/wp-content\/uploads\/2025\/12\/SACI.svg","contentUrl":"https:\/\/www.saci.es\/wp-content\/uploads\/2025\/12\/SACI.svg","caption":"SACI"},"image":{"@id":"\/#\/schema\/logo\/image\/"}}]}},"_links":{"self":[{"href":"https:\/\/www.saci.es\/en\/wp-json\/wp\/v2\/product\/19044","targetHints":{"allow":["GET"]}}],"collection":[{"href":"https:\/\/www.saci.es\/en\/wp-json\/wp\/v2\/product"}],"about":[{"href":"https:\/\/www.saci.es\/en\/wp-json\/wp\/v2\/types\/product"}],"wp:featuredmedia":[{"embeddable":true,"href":"https:\/\/www.saci.es\/en\/wp-json\/wp\/v2\/media\/19098"}],"wp:attachment":[{"href":"https:\/\/www.saci.es\/en\/wp-json\/wp\/v2\/media?parent=19044"}],"wp:term":[{"taxonomy":"product_brand","embeddable":true,"href":"https:\/\/www.saci.es\/en\/wp-json\/wp\/v2\/product_brand?post=19044"},{"taxonomy":"product_cat","embeddable":true,"href":"https:\/\/www.saci.es\/en\/wp-json\/wp\/v2\/product_cat?post=19044"},{"taxonomy":"product_tag","embeddable":true,"href":"https:\/\/www.saci.es\/en\/wp-json\/wp\/v2\/product_tag?post=19044"}],"curies":[{"name":"wp","href":"https:\/\/api.w.org\/{rel}","templated":true}]}}