{"id":18894,"date":"2026-01-14T09:31:53","date_gmt":"2026-01-14T08:31:53","guid":{"rendered":"http:\/\/saci.planetaries.cat\/?post_type=product&#038;p=18894"},"modified":"2026-03-19T13:55:17","modified_gmt":"2026-03-19T12:55:17","slug":"rele-vigilancia-tension-corriente","status":"publish","type":"product","link":"https:\/\/www.saci.es\/en\/product\/rele-vigilancia-tension-corriente\/","title":{"rendered":"Voltage monitoring relay"},"content":{"rendered":"<p>The voltage monitoring relay is a device designed to monitor and supervise the correct connection of measuring panels in electrical installations, particularly in substations and transformer substations. Its main function is to guarantee system stability by detecting critical problems such as current and voltage unbalance, overvoltage and undervoltage. This equipment is key in installations that require continuous monitoring to prevent damage and ensure the continuity of the electrical service.<\/p>","protected":false},"excerpt":{"rendered":"<p>The voltage monitoring relay is a device designed to monitor and supervise the correct connection of measuring panels in electrical installations, particularly in substations and transformer substations. Its main function is to guarantee system stability by detecting critical problems such as current and voltage unbalance, overvoltage and undervoltage. This equipment is key in installations that require continuous monitoring to prevent damage and ensure the continuity of the electrical service.<\/p>\n<ul>\n<li>RVIA (3-phase 3-wire): Dimensions 150x70x112 mm, weight 1.20 kg.<\/li>\n<li>RVIB<\/li>\n<\/ul>","protected":false},"featured_media":18946,"template":"","meta":{"_acf_changed":false},"product_brand":[],"product_cat":[20,240],"product_tag":[],"class_list":{"0":"post-18894","1":"product","2":"type-product","3":"status-publish","4":"has-post-thumbnail","6":"product_cat-instrumentos-analogicos","7":"product_cat-reles-de-proteccion-y-control","8":"","9":"woocommerce-text-align-left","10":"woocommerce-image-align-center","12":"first","13":"instock","14":"shipping-taxable","15":"product-type-simple"},"acf":[],"yoast_head":"<!-- This site is optimized with the Yoast SEO plugin v26.9 - https:\/\/yoast.com\/product\/yoast-seo-wordpress\/ -->\n<title>Rel\u00e9 vigilante de tensi\u00f3n | SACI<\/title>\n<meta name=\"robots\" content=\"index, follow, max-snippet:-1, max-image-preview:large, max-video-preview:-1\" \/>\n<link rel=\"canonical\" href=\"https:\/\/www.saci.es\/en\/product\/rele-vigilancia-tension-corriente\/\" \/>\n<meta property=\"og:locale\" content=\"en_GB\" \/>\n<meta property=\"og:type\" content=\"article\" \/>\n<meta property=\"og:title\" content=\"Rel\u00e9 vigilante de tensi\u00f3n | SACI\" \/>\n<meta property=\"og:description\" content=\"El rel\u00e9 vigilante de tensi\u00f3n es un dispositivo dise\u00f1ado para monitorizar y supervisar la correcta conexi\u00f3n de cuadros de medida en instalaciones el\u00e9ctricas, particularmente en subestaciones y centros de transformaci\u00f3n. Su funci\u00f3n principal es garantizar la estabilidad del sistema mediante la detecci\u00f3n de problemas cr\u00edticos como desequilibrios de corriente y tensi\u00f3n, sobretensi\u00f3n y subtensi\u00f3n. Este equipo es clave en instalaciones que requieren una monitorizaci\u00f3n continua para evitar da\u00f1os y asegurar la continuidad del servicio el\u00e9ctrico.   RVIA (Trif\u00e1sico de 3 hilos): Dimensiones de 150x70x112 mm, peso de 1,20 kg  RVIB\" \/>\n<meta property=\"og:url\" content=\"https:\/\/www.saci.es\/en\/product\/rele-vigilancia-tension-corriente\/\" \/>\n<meta property=\"og:site_name\" content=\"SACI\" \/>\n<meta property=\"article:modified_time\" content=\"2026-03-19T12:55:17+00:00\" \/>\n<meta property=\"og:image\" content=\"https:\/\/www.saci.es\/wp-content\/uploads\/2026\/01\/rele-vigilancia-tension-y-corriente-rvia.jpg\" \/>\n\t<meta property=\"og:image:width\" content=\"1181\" \/>\n\t<meta property=\"og:image:height\" content=\"1181\" \/>\n\t<meta property=\"og:image:type\" content=\"image\/jpeg\" \/>\n<meta name=\"twitter:card\" content=\"summary_large_image\" \/>\n<meta name=\"twitter:label1\" content=\"Estimated reading time\" \/>\n\t<meta name=\"twitter:data1\" content=\"1 minute\" \/>\n<script type=\"application\/ld+json\" class=\"yoast-schema-graph\">{\"@context\":\"https:\/\/schema.org\",\"@graph\":[{\"@type\":\"WebPage\",\"@id\":\"https:\/\/www.saci.es\/producto\/rele-vigilancia-tension-corriente\/\",\"url\":\"https:\/\/www.saci.es\/producto\/rele-vigilancia-tension-corriente\/\",\"name\":\"Rel\u00e9 vigilante de tensi\u00f3n | SACI\",\"isPartOf\":{\"@id\":\"\/#website\"},\"primaryImageOfPage\":{\"@id\":\"https:\/\/www.saci.es\/producto\/rele-vigilancia-tension-corriente\/#primaryimage\"},\"image\":{\"@id\":\"https:\/\/www.saci.es\/producto\/rele-vigilancia-tension-corriente\/#primaryimage\"},\"thumbnailUrl\":\"https:\/\/www.saci.es\/wp-content\/uploads\/2026\/01\/rele-vigilancia-tension-y-corriente-rvia.jpg\",\"datePublished\":\"2026-01-14T08:31:53+00:00\",\"dateModified\":\"2026-03-19T12:55:17+00:00\",\"breadcrumb\":{\"@id\":\"https:\/\/www.saci.es\/producto\/rele-vigilancia-tension-corriente\/#breadcrumb\"},\"inLanguage\":\"en-GB\",\"potentialAction\":[{\"@type\":\"ReadAction\",\"target\":[\"https:\/\/www.saci.es\/producto\/rele-vigilancia-tension-corriente\/\"]}]},{\"@type\":\"ImageObject\",\"inLanguage\":\"en-GB\",\"@id\":\"https:\/\/www.saci.es\/producto\/rele-vigilancia-tension-corriente\/#primaryimage\",\"url\":\"https:\/\/www.saci.es\/wp-content\/uploads\/2026\/01\/rele-vigilancia-tension-y-corriente-rvia.jpg\",\"contentUrl\":\"https:\/\/www.saci.es\/wp-content\/uploads\/2026\/01\/rele-vigilancia-tension-y-corriente-rvia.jpg\",\"width\":1181,\"height\":1181},{\"@type\":\"BreadcrumbList\",\"@id\":\"https:\/\/www.saci.es\/producto\/rele-vigilancia-tension-corriente\/#breadcrumb\",\"itemListElement\":[{\"@type\":\"ListItem\",\"position\":1,\"name\":\"Portada\",\"item\":\"https:\/\/www.saci.es\/\"},{\"@type\":\"ListItem\",\"position\":2,\"name\":\"Rel\u00e9 vigilante de tensi\u00f3n\"}]},{\"@type\":\"WebSite\",\"@id\":\"\/#website\",\"url\":\"\/\",\"name\":\"SACI\",\"description\":\"Dise\u00f1o, fabricaci\u00f3n y comercializaci\u00f3n de equipos orientados al Control y Eficiencia Energ\u00e9tica El\u00e9ctrica\",\"publisher\":{\"@id\":\"\/#organization\"},\"potentialAction\":[{\"@type\":\"SearchAction\",\"target\":{\"@type\":\"EntryPoint\",\"urlTemplate\":\"\/?s={search_term_string}\"},\"query-input\":{\"@type\":\"PropertyValueSpecification\",\"valueRequired\":true,\"valueName\":\"search_term_string\"}}],\"inLanguage\":\"en-GB\"},{\"@type\":\"Organization\",\"@id\":\"\/#organization\",\"name\":\"SACI\",\"url\":\"\/\",\"logo\":{\"@type\":\"ImageObject\",\"inLanguage\":\"en-GB\",\"@id\":\"\/#\/schema\/logo\/image\/\",\"url\":\"https:\/\/www.saci.es\/wp-content\/uploads\/2025\/12\/SACI.svg\",\"contentUrl\":\"https:\/\/www.saci.es\/wp-content\/uploads\/2025\/12\/SACI.svg\",\"caption\":\"SACI\"},\"image\":{\"@id\":\"\/#\/schema\/logo\/image\/\"}}]}<\/script>\n<!-- \/ Yoast SEO plugin. -->","yoast_head_json":{"title":"Rel\u00e9 vigilante de tensi\u00f3n | SACI","robots":{"index":"index","follow":"follow","max-snippet":"max-snippet:-1","max-image-preview":"max-image-preview:large","max-video-preview":"max-video-preview:-1"},"canonical":"https:\/\/www.saci.es\/en\/product\/rele-vigilancia-tension-corriente\/","og_locale":"en_GB","og_type":"article","og_title":"Rel\u00e9 vigilante de tensi\u00f3n | SACI","og_description":"El rel\u00e9 vigilante de tensi\u00f3n es un dispositivo dise\u00f1ado para monitorizar y supervisar la correcta conexi\u00f3n de cuadros de medida en instalaciones el\u00e9ctricas, particularmente en subestaciones y centros de transformaci\u00f3n. Su funci\u00f3n principal es garantizar la estabilidad del sistema mediante la detecci\u00f3n de problemas cr\u00edticos como desequilibrios de corriente y tensi\u00f3n, sobretensi\u00f3n y subtensi\u00f3n. Este equipo es clave en instalaciones que requieren una monitorizaci\u00f3n continua para evitar da\u00f1os y asegurar la continuidad del servicio el\u00e9ctrico.   RVIA (Trif\u00e1sico de 3 hilos): Dimensiones de 150x70x112 mm, peso de 1,20 kg  RVIB","og_url":"https:\/\/www.saci.es\/en\/product\/rele-vigilancia-tension-corriente\/","og_site_name":"SACI","article_modified_time":"2026-03-19T12:55:17+00:00","og_image":[{"width":1181,"height":1181,"url":"https:\/\/www.saci.es\/wp-content\/uploads\/2026\/01\/rele-vigilancia-tension-y-corriente-rvia.jpg","type":"image\/jpeg"}],"twitter_card":"summary_large_image","twitter_misc":{"Estimated reading time":"1 minute"},"schema":{"@context":"https:\/\/schema.org","@graph":[{"@type":"WebPage","@id":"https:\/\/www.saci.es\/producto\/rele-vigilancia-tension-corriente\/","url":"https:\/\/www.saci.es\/producto\/rele-vigilancia-tension-corriente\/","name":"Rel\u00e9 vigilante de tensi\u00f3n | SACI","isPartOf":{"@id":"\/#website"},"primaryImageOfPage":{"@id":"https:\/\/www.saci.es\/producto\/rele-vigilancia-tension-corriente\/#primaryimage"},"image":{"@id":"https:\/\/www.saci.es\/producto\/rele-vigilancia-tension-corriente\/#primaryimage"},"thumbnailUrl":"https:\/\/www.saci.es\/wp-content\/uploads\/2026\/01\/rele-vigilancia-tension-y-corriente-rvia.jpg","datePublished":"2026-01-14T08:31:53+00:00","dateModified":"2026-03-19T12:55:17+00:00","breadcrumb":{"@id":"https:\/\/www.saci.es\/producto\/rele-vigilancia-tension-corriente\/#breadcrumb"},"inLanguage":"en-GB","potentialAction":[{"@type":"ReadAction","target":["https:\/\/www.saci.es\/producto\/rele-vigilancia-tension-corriente\/"]}]},{"@type":"ImageObject","inLanguage":"en-GB","@id":"https:\/\/www.saci.es\/producto\/rele-vigilancia-tension-corriente\/#primaryimage","url":"https:\/\/www.saci.es\/wp-content\/uploads\/2026\/01\/rele-vigilancia-tension-y-corriente-rvia.jpg","contentUrl":"https:\/\/www.saci.es\/wp-content\/uploads\/2026\/01\/rele-vigilancia-tension-y-corriente-rvia.jpg","width":1181,"height":1181},{"@type":"BreadcrumbList","@id":"https:\/\/www.saci.es\/producto\/rele-vigilancia-tension-corriente\/#breadcrumb","itemListElement":[{"@type":"ListItem","position":1,"name":"Portada","item":"https:\/\/www.saci.es\/"},{"@type":"ListItem","position":2,"name":"Rel\u00e9 vigilante de tensi\u00f3n"}]},{"@type":"WebSite","@id":"\/#website","url":"\/","name":"SACI","description":"Design, manufacture and commercialisation of equipment for Electrical Energy Efficiency and Control.","publisher":{"@id":"\/#organization"},"potentialAction":[{"@type":"SearchAction","target":{"@type":"EntryPoint","urlTemplate":"\/?s={search_term_string}"},"query-input":{"@type":"PropertyValueSpecification","valueRequired":true,"valueName":"search_term_string"}}],"inLanguage":"en-GB"},{"@type":"Organization","@id":"\/#organization","name":"SACI","url":"\/","logo":{"@type":"ImageObject","inLanguage":"en-GB","@id":"\/#\/schema\/logo\/image\/","url":"https:\/\/www.saci.es\/wp-content\/uploads\/2025\/12\/SACI.svg","contentUrl":"https:\/\/www.saci.es\/wp-content\/uploads\/2025\/12\/SACI.svg","caption":"SACI"},"image":{"@id":"\/#\/schema\/logo\/image\/"}}]}},"_links":{"self":[{"href":"https:\/\/www.saci.es\/en\/wp-json\/wp\/v2\/product\/18894","targetHints":{"allow":["GET"]}}],"collection":[{"href":"https:\/\/www.saci.es\/en\/wp-json\/wp\/v2\/product"}],"about":[{"href":"https:\/\/www.saci.es\/en\/wp-json\/wp\/v2\/types\/product"}],"wp:featuredmedia":[{"embeddable":true,"href":"https:\/\/www.saci.es\/en\/wp-json\/wp\/v2\/media\/18946"}],"wp:attachment":[{"href":"https:\/\/www.saci.es\/en\/wp-json\/wp\/v2\/media?parent=18894"}],"wp:term":[{"taxonomy":"product_brand","embeddable":true,"href":"https:\/\/www.saci.es\/en\/wp-json\/wp\/v2\/product_brand?post=18894"},{"taxonomy":"product_cat","embeddable":true,"href":"https:\/\/www.saci.es\/en\/wp-json\/wp\/v2\/product_cat?post=18894"},{"taxonomy":"product_tag","embeddable":true,"href":"https:\/\/www.saci.es\/en\/wp-json\/wp\/v2\/product_tag?post=18894"}],"curies":[{"name":"wp","href":"https:\/\/api.w.org\/{rel}","templated":true}]}}