{"id":18796,"date":"2026-01-14T10:28:04","date_gmt":"2026-01-14T09:28:04","guid":{"rendered":"http:\/\/saci.planetaries.cat\/?post_type=product&#038;p=18796"},"modified":"2026-03-18T16:10:35","modified_gmt":"2026-03-18T15:10:35","slug":"amperimetros-ma","status":"publish","type":"product","link":"https:\/\/www.saci.es\/en\/product\/amperimetros-ma\/","title":{"rendered":"Ammeters (mA)"},"content":{"rendered":"<p>Moving-iron mA ammeter, with AC current measurement. True RMS value. Fixed scale. DIN rail or panel.<\/p>","protected":false},"excerpt":{"rendered":"<p>Moving-iron mA ammeter, with AC current measurement. True RMS value. Fixed scale. DIN rail or panel.<\/p>\n<p>EC5VR - 45\u00d752,5 mm DIN - 0,15kg<\/p>\n<p><strong>Scale 90\u00ba Lateral<\/strong><br \/>\nEC5V - 48x48mm - 0,14kg<br \/>\nEC4V - 72x72mm - 0,2kg<br \/>\nEC3V - 96x96mm - 0,25kg<br \/>\nEC2V - 144x144mm - 0,5kg<\/p>\n<p><strong>Scale 90\u00ba central<\/strong><br \/>\nEcb7 - 80x64mm - 0,14kg<br \/>\nEcb3 - 105x80mm - 0,18kg<br \/>\nEcb8 - 130x100mm - 0,25kg<\/p>","protected":false},"featured_media":18825,"template":"","meta":{"_acf_changed":false},"product_brand":[],"product_cat":[246,20],"product_tag":[],"class_list":{"0":"post-18796","1":"product","2":"type-product","3":"status-publish","4":"has-post-thumbnail","6":"product_cat-amperimetros","7":"product_cat-instrumentos-analogicos","8":"","9":"woocommerce-text-align-left","10":"woocommerce-image-align-center","12":"first","13":"instock","14":"shipping-taxable","15":"product-type-simple"},"acf":[],"yoast_head":"<!-- This site is optimized with the Yoast SEO plugin v26.9 - https:\/\/yoast.com\/product\/yoast-seo-wordpress\/ -->\n<title>Amper\u00edmetros (mA) | SACI<\/title>\n<meta name=\"robots\" content=\"index, follow, max-snippet:-1, max-image-preview:large, max-video-preview:-1\" \/>\n<link rel=\"canonical\" href=\"https:\/\/www.saci.es\/en\/product\/amperimetros-ma\/\" \/>\n<meta property=\"og:locale\" content=\"en_GB\" \/>\n<meta property=\"og:type\" content=\"article\" \/>\n<meta property=\"og:title\" content=\"Amper\u00edmetros (mA) | SACI\" \/>\n<meta property=\"og:description\" content=\"Amper\u00edmetro en medida mA de hierro m\u00f3vil, con medici\u00f3n de corriente alterna. Verdadero valor eficaz. Escala fija. Carril DIN o panel.  EC5VR \u2013 45\u00d752,5 mm DIN \u2013 0,15kg  Escala 90\u00ba Lateral EC5V \u2013 48x48mm \u2013 0,14kg EC4V \u2013 72x72mm \u2013 0,2kg EC3V \u2013 96x96mm \u2013 0,25kg EC2V \u2013 144x144mm \u2013 0,5kg  Escala 90\u00ba central Ecb7 \u2013 80x64mm \u2013 0,14kg Ecb3 \u2013 105x80mm \u2013 0,18kg Ecb8 \u2013 130x100mm \u2013 0,25kg\" \/>\n<meta property=\"og:url\" content=\"https:\/\/www.saci.es\/en\/product\/amperimetros-ma\/\" \/>\n<meta property=\"og:site_name\" content=\"SACI\" \/>\n<meta property=\"article:modified_time\" content=\"2026-03-18T15:10:35+00:00\" \/>\n<meta property=\"og:image\" content=\"https:\/\/www.saci.es\/wp-content\/uploads\/2026\/01\/miliamperimetro-EC3V-LQ.jpg\" \/>\n\t<meta property=\"og:image:width\" content=\"800\" \/>\n\t<meta property=\"og:image:height\" content=\"800\" \/>\n\t<meta property=\"og:image:type\" content=\"image\/jpeg\" \/>\n<meta name=\"twitter:card\" content=\"summary_large_image\" \/>\n<meta name=\"twitter:label1\" content=\"Estimated reading time\" \/>\n\t<meta name=\"twitter:data1\" content=\"1 minute\" \/>\n<script type=\"application\/ld+json\" class=\"yoast-schema-graph\">{\"@context\":\"https:\/\/schema.org\",\"@graph\":[{\"@type\":\"WebPage\",\"@id\":\"https:\/\/www.saci.es\/producto\/amperimetros-ma\/\",\"url\":\"https:\/\/www.saci.es\/producto\/amperimetros-ma\/\",\"name\":\"Amper\u00edmetros (mA) | SACI\",\"isPartOf\":{\"@id\":\"\/#website\"},\"primaryImageOfPage\":{\"@id\":\"https:\/\/www.saci.es\/producto\/amperimetros-ma\/#primaryimage\"},\"image\":{\"@id\":\"https:\/\/www.saci.es\/producto\/amperimetros-ma\/#primaryimage\"},\"thumbnailUrl\":\"https:\/\/www.saci.es\/wp-content\/uploads\/2026\/01\/miliamperimetro-EC3V-LQ.jpg\",\"datePublished\":\"2026-01-14T09:28:04+00:00\",\"dateModified\":\"2026-03-18T15:10:35+00:00\",\"breadcrumb\":{\"@id\":\"https:\/\/www.saci.es\/producto\/amperimetros-ma\/#breadcrumb\"},\"inLanguage\":\"en-GB\",\"potentialAction\":[{\"@type\":\"ReadAction\",\"target\":[\"https:\/\/www.saci.es\/producto\/amperimetros-ma\/\"]}]},{\"@type\":\"ImageObject\",\"inLanguage\":\"en-GB\",\"@id\":\"https:\/\/www.saci.es\/producto\/amperimetros-ma\/#primaryimage\",\"url\":\"https:\/\/www.saci.es\/wp-content\/uploads\/2026\/01\/miliamperimetro-EC3V-LQ.jpg\",\"contentUrl\":\"https:\/\/www.saci.es\/wp-content\/uploads\/2026\/01\/miliamperimetro-EC3V-LQ.jpg\",\"width\":800,\"height\":800},{\"@type\":\"BreadcrumbList\",\"@id\":\"https:\/\/www.saci.es\/producto\/amperimetros-ma\/#breadcrumb\",\"itemListElement\":[{\"@type\":\"ListItem\",\"position\":1,\"name\":\"Portada\",\"item\":\"https:\/\/www.saci.es\/\"},{\"@type\":\"ListItem\",\"position\":2,\"name\":\"Amper\u00edmetros (mA)\"}]},{\"@type\":\"WebSite\",\"@id\":\"\/#website\",\"url\":\"\/\",\"name\":\"SACI\",\"description\":\"Dise\u00f1o, fabricaci\u00f3n y comercializaci\u00f3n de equipos orientados al Control y Eficiencia Energ\u00e9tica El\u00e9ctrica\",\"publisher\":{\"@id\":\"\/#organization\"},\"potentialAction\":[{\"@type\":\"SearchAction\",\"target\":{\"@type\":\"EntryPoint\",\"urlTemplate\":\"\/?s={search_term_string}\"},\"query-input\":{\"@type\":\"PropertyValueSpecification\",\"valueRequired\":true,\"valueName\":\"search_term_string\"}}],\"inLanguage\":\"en-GB\"},{\"@type\":\"Organization\",\"@id\":\"\/#organization\",\"name\":\"SACI\",\"url\":\"\/\",\"logo\":{\"@type\":\"ImageObject\",\"inLanguage\":\"en-GB\",\"@id\":\"\/#\/schema\/logo\/image\/\",\"url\":\"https:\/\/www.saci.es\/wp-content\/uploads\/2025\/12\/SACI.svg\",\"contentUrl\":\"https:\/\/www.saci.es\/wp-content\/uploads\/2025\/12\/SACI.svg\",\"caption\":\"SACI\"},\"image\":{\"@id\":\"\/#\/schema\/logo\/image\/\"}}]}<\/script>\n<!-- \/ Yoast SEO plugin. -->","yoast_head_json":{"title":"Ammeters (mA) | SACI","robots":{"index":"index","follow":"follow","max-snippet":"max-snippet:-1","max-image-preview":"max-image-preview:large","max-video-preview":"max-video-preview:-1"},"canonical":"https:\/\/www.saci.es\/en\/product\/amperimetros-ma\/","og_locale":"en_GB","og_type":"article","og_title":"Amper\u00edmetros (mA) | SACI","og_description":"Amper\u00edmetro en medida mA de hierro m\u00f3vil, con medici\u00f3n de corriente alterna. Verdadero valor eficaz. Escala fija. Carril DIN o panel.  EC5VR \u2013 45\u00d752,5 mm DIN \u2013 0,15kg  Escala 90\u00ba Lateral EC5V \u2013 48x48mm \u2013 0,14kg EC4V \u2013 72x72mm \u2013 0,2kg EC3V \u2013 96x96mm \u2013 0,25kg EC2V \u2013 144x144mm \u2013 0,5kg  Escala 90\u00ba central Ecb7 \u2013 80x64mm \u2013 0,14kg Ecb3 \u2013 105x80mm \u2013 0,18kg Ecb8 \u2013 130x100mm \u2013 0,25kg","og_url":"https:\/\/www.saci.es\/en\/product\/amperimetros-ma\/","og_site_name":"SACI","article_modified_time":"2026-03-18T15:10:35+00:00","og_image":[{"width":800,"height":800,"url":"https:\/\/www.saci.es\/wp-content\/uploads\/2026\/01\/miliamperimetro-EC3V-LQ.jpg","type":"image\/jpeg"}],"twitter_card":"summary_large_image","twitter_misc":{"Estimated reading time":"1 minute"},"schema":{"@context":"https:\/\/schema.org","@graph":[{"@type":"WebPage","@id":"https:\/\/www.saci.es\/producto\/amperimetros-ma\/","url":"https:\/\/www.saci.es\/producto\/amperimetros-ma\/","name":"Ammeters (mA) | SACI","isPartOf":{"@id":"\/#website"},"primaryImageOfPage":{"@id":"https:\/\/www.saci.es\/producto\/amperimetros-ma\/#primaryimage"},"image":{"@id":"https:\/\/www.saci.es\/producto\/amperimetros-ma\/#primaryimage"},"thumbnailUrl":"https:\/\/www.saci.es\/wp-content\/uploads\/2026\/01\/miliamperimetro-EC3V-LQ.jpg","datePublished":"2026-01-14T09:28:04+00:00","dateModified":"2026-03-18T15:10:35+00:00","breadcrumb":{"@id":"https:\/\/www.saci.es\/producto\/amperimetros-ma\/#breadcrumb"},"inLanguage":"en-GB","potentialAction":[{"@type":"ReadAction","target":["https:\/\/www.saci.es\/producto\/amperimetros-ma\/"]}]},{"@type":"ImageObject","inLanguage":"en-GB","@id":"https:\/\/www.saci.es\/producto\/amperimetros-ma\/#primaryimage","url":"https:\/\/www.saci.es\/wp-content\/uploads\/2026\/01\/miliamperimetro-EC3V-LQ.jpg","contentUrl":"https:\/\/www.saci.es\/wp-content\/uploads\/2026\/01\/miliamperimetro-EC3V-LQ.jpg","width":800,"height":800},{"@type":"BreadcrumbList","@id":"https:\/\/www.saci.es\/producto\/amperimetros-ma\/#breadcrumb","itemListElement":[{"@type":"ListItem","position":1,"name":"Portada","item":"https:\/\/www.saci.es\/"},{"@type":"ListItem","position":2,"name":"Amper\u00edmetros (mA)"}]},{"@type":"WebSite","@id":"\/#website","url":"\/","name":"SACI","description":"Design, manufacture and commercialisation of equipment for Electrical Energy Efficiency and Control.","publisher":{"@id":"\/#organization"},"potentialAction":[{"@type":"SearchAction","target":{"@type":"EntryPoint","urlTemplate":"\/?s={search_term_string}"},"query-input":{"@type":"PropertyValueSpecification","valueRequired":true,"valueName":"search_term_string"}}],"inLanguage":"en-GB"},{"@type":"Organization","@id":"\/#organization","name":"SACI","url":"\/","logo":{"@type":"ImageObject","inLanguage":"en-GB","@id":"\/#\/schema\/logo\/image\/","url":"https:\/\/www.saci.es\/wp-content\/uploads\/2025\/12\/SACI.svg","contentUrl":"https:\/\/www.saci.es\/wp-content\/uploads\/2025\/12\/SACI.svg","caption":"SACI"},"image":{"@id":"\/#\/schema\/logo\/image\/"}}]}},"_links":{"self":[{"href":"https:\/\/www.saci.es\/en\/wp-json\/wp\/v2\/product\/18796","targetHints":{"allow":["GET"]}}],"collection":[{"href":"https:\/\/www.saci.es\/en\/wp-json\/wp\/v2\/product"}],"about":[{"href":"https:\/\/www.saci.es\/en\/wp-json\/wp\/v2\/types\/product"}],"wp:featuredmedia":[{"embeddable":true,"href":"https:\/\/www.saci.es\/en\/wp-json\/wp\/v2\/media\/18825"}],"wp:attachment":[{"href":"https:\/\/www.saci.es\/en\/wp-json\/wp\/v2\/media?parent=18796"}],"wp:term":[{"taxonomy":"product_brand","embeddable":true,"href":"https:\/\/www.saci.es\/en\/wp-json\/wp\/v2\/product_brand?post=18796"},{"taxonomy":"product_cat","embeddable":true,"href":"https:\/\/www.saci.es\/en\/wp-json\/wp\/v2\/product_cat?post=18796"},{"taxonomy":"product_tag","embeddable":true,"href":"https:\/\/www.saci.es\/en\/wp-json\/wp\/v2\/product_tag?post=18796"}],"curies":[{"name":"wp","href":"https:\/\/api.w.org\/{rel}","templated":true}]}}