{"id":18795,"date":"2026-01-14T10:30:04","date_gmt":"2026-01-14T09:30:04","guid":{"rendered":"http:\/\/saci.planetaries.cat\/?post_type=product&#038;p=18795"},"modified":"2026-03-18T16:08:11","modified_gmt":"2026-03-18T15:08:11","slug":"amperimetros-directos","status":"publish","type":"product","link":"https:\/\/www.saci.es\/en\/product\/amperimetros-directos\/","title":{"rendered":"Direct ammeters"},"content":{"rendered":"<p>Direct ammeters are instruments used to measure the current in an electrical circuit, both in alternating current and direct current. These devices make it possible to determine the amount of current flowing in an electrical circuit.<\/p>","protected":false},"excerpt":{"rendered":"<p>Direct ammeters are instruments used to measure the current in an electrical circuit, both in alternating current and direct current. These devices make it possible to determine the amount of current flowing in an electrical circuit.<\/p>\n<p>EC5VR<\/p>\n<p><strong>Scale 90\u00ba Lateral<\/strong><br \/>\nEC3V - 96x96mm - 0,25kg<br \/>\nEC2V - 144x144mm - 0,5kg<\/p>\n<p><strong>Scale 90\u00ba central<\/strong><br \/>\nEcb7 - 80x64mm - 0,14kg<br \/>\nEcb3 105x80mm - 0,18kg<br \/>\nEcb8 - 130x100mm - 0,25kg<\/p>","protected":false},"featured_media":18824,"template":"","meta":{"_acf_changed":false},"product_brand":[],"product_cat":[246,20,29],"product_tag":[],"class_list":{"0":"post-18795","1":"product","2":"type-product","3":"status-publish","4":"has-post-thumbnail","6":"product_cat-amperimetros","7":"product_cat-instrumentos-analogicos","8":"product_cat-naval","9":"","10":"woocommerce-text-align-left","11":"woocommerce-image-align-center","13":"first","14":"instock","15":"shipping-taxable","16":"product-type-simple"},"acf":[],"yoast_head":"<!-- This site is optimized with the Yoast SEO plugin v26.9 - https:\/\/yoast.com\/product\/yoast-seo-wordpress\/ -->\n<title>Amper\u00edmetros directos | SACI<\/title>\n<meta name=\"robots\" content=\"index, follow, max-snippet:-1, max-image-preview:large, max-video-preview:-1\" \/>\n<link rel=\"canonical\" href=\"https:\/\/www.saci.es\/en\/product\/amperimetros-directos\/\" \/>\n<meta property=\"og:locale\" content=\"en_GB\" \/>\n<meta property=\"og:type\" content=\"article\" \/>\n<meta property=\"og:title\" content=\"Amper\u00edmetros directos | SACI\" \/>\n<meta property=\"og:description\" content=\"Los amper\u00edmetros directos son instrumentos que se usan para medir la corriente en un circuito el\u00e9ctrico, tanto en corriente alterna como en corriente continua. Estos dispositivos permiten conocer la cantidad de intensidad de corriente que circula por un circuito el\u00e9ctrico.  EC5VR  Escala 90\u00ba Lateral EC3V \u2013 96x96mm \u2013 0,25kg EC2V \u2013 144x144mm \u2013 0,5kg  Escala 90\u00ba central Ecb7 \u2013 80x64mm \u2013 0,14kg Ecb3\u00a0 105x80mm \u2013 0,18kg Ecb8 \u2013 130x100mm \u2013 0,25kg\" \/>\n<meta property=\"og:url\" content=\"https:\/\/www.saci.es\/en\/product\/amperimetros-directos\/\" \/>\n<meta property=\"og:site_name\" content=\"SACI\" \/>\n<meta property=\"article:modified_time\" content=\"2026-03-18T15:08:11+00:00\" \/>\n<meta property=\"og:image\" content=\"https:\/\/www.saci.es\/wp-content\/uploads\/2026\/01\/amperimetro-ec3v-LQ.jpg\" \/>\n\t<meta property=\"og:image:width\" content=\"800\" \/>\n\t<meta property=\"og:image:height\" content=\"800\" \/>\n\t<meta property=\"og:image:type\" content=\"image\/jpeg\" \/>\n<meta name=\"twitter:card\" content=\"summary_large_image\" \/>\n<meta name=\"twitter:label1\" content=\"Estimated reading time\" \/>\n\t<meta name=\"twitter:data1\" content=\"1 minute\" \/>\n<script type=\"application\/ld+json\" class=\"yoast-schema-graph\">{\"@context\":\"https:\/\/schema.org\",\"@graph\":[{\"@type\":\"WebPage\",\"@id\":\"https:\/\/www.saci.es\/producto\/amperimetros-directos\/\",\"url\":\"https:\/\/www.saci.es\/producto\/amperimetros-directos\/\",\"name\":\"Amper\u00edmetros directos | SACI\",\"isPartOf\":{\"@id\":\"\/#website\"},\"primaryImageOfPage\":{\"@id\":\"https:\/\/www.saci.es\/producto\/amperimetros-directos\/#primaryimage\"},\"image\":{\"@id\":\"https:\/\/www.saci.es\/producto\/amperimetros-directos\/#primaryimage\"},\"thumbnailUrl\":\"https:\/\/www.saci.es\/wp-content\/uploads\/2026\/01\/amperimetro-ec3v-LQ.jpg\",\"datePublished\":\"2026-01-14T09:30:04+00:00\",\"dateModified\":\"2026-03-18T15:08:11+00:00\",\"breadcrumb\":{\"@id\":\"https:\/\/www.saci.es\/producto\/amperimetros-directos\/#breadcrumb\"},\"inLanguage\":\"en-GB\",\"potentialAction\":[{\"@type\":\"ReadAction\",\"target\":[\"https:\/\/www.saci.es\/producto\/amperimetros-directos\/\"]}]},{\"@type\":\"ImageObject\",\"inLanguage\":\"en-GB\",\"@id\":\"https:\/\/www.saci.es\/producto\/amperimetros-directos\/#primaryimage\",\"url\":\"https:\/\/www.saci.es\/wp-content\/uploads\/2026\/01\/amperimetro-ec3v-LQ.jpg\",\"contentUrl\":\"https:\/\/www.saci.es\/wp-content\/uploads\/2026\/01\/amperimetro-ec3v-LQ.jpg\",\"width\":800,\"height\":800},{\"@type\":\"BreadcrumbList\",\"@id\":\"https:\/\/www.saci.es\/producto\/amperimetros-directos\/#breadcrumb\",\"itemListElement\":[{\"@type\":\"ListItem\",\"position\":1,\"name\":\"Portada\",\"item\":\"https:\/\/www.saci.es\/\"},{\"@type\":\"ListItem\",\"position\":2,\"name\":\"Amper\u00edmetros directos\"}]},{\"@type\":\"WebSite\",\"@id\":\"\/#website\",\"url\":\"\/\",\"name\":\"SACI\",\"description\":\"Dise\u00f1o, fabricaci\u00f3n y comercializaci\u00f3n de equipos orientados al Control y Eficiencia Energ\u00e9tica El\u00e9ctrica\",\"publisher\":{\"@id\":\"\/#organization\"},\"potentialAction\":[{\"@type\":\"SearchAction\",\"target\":{\"@type\":\"EntryPoint\",\"urlTemplate\":\"\/?s={search_term_string}\"},\"query-input\":{\"@type\":\"PropertyValueSpecification\",\"valueRequired\":true,\"valueName\":\"search_term_string\"}}],\"inLanguage\":\"en-GB\"},{\"@type\":\"Organization\",\"@id\":\"\/#organization\",\"name\":\"SACI\",\"url\":\"\/\",\"logo\":{\"@type\":\"ImageObject\",\"inLanguage\":\"en-GB\",\"@id\":\"\/#\/schema\/logo\/image\/\",\"url\":\"https:\/\/www.saci.es\/wp-content\/uploads\/2025\/12\/SACI.svg\",\"contentUrl\":\"https:\/\/www.saci.es\/wp-content\/uploads\/2025\/12\/SACI.svg\",\"caption\":\"SACI\"},\"image\":{\"@id\":\"\/#\/schema\/logo\/image\/\"}}]}<\/script>\n<!-- \/ Yoast SEO plugin. -->","yoast_head_json":{"title":"Direct ammeters : SACI","robots":{"index":"index","follow":"follow","max-snippet":"max-snippet:-1","max-image-preview":"max-image-preview:large","max-video-preview":"max-video-preview:-1"},"canonical":"https:\/\/www.saci.es\/en\/product\/amperimetros-directos\/","og_locale":"en_GB","og_type":"article","og_title":"Amper\u00edmetros directos | SACI","og_description":"Los amper\u00edmetros directos son instrumentos que se usan para medir la corriente en un circuito el\u00e9ctrico, tanto en corriente alterna como en corriente continua. Estos dispositivos permiten conocer la cantidad de intensidad de corriente que circula por un circuito el\u00e9ctrico.  EC5VR  Escala 90\u00ba Lateral EC3V \u2013 96x96mm \u2013 0,25kg EC2V \u2013 144x144mm \u2013 0,5kg  Escala 90\u00ba central Ecb7 \u2013 80x64mm \u2013 0,14kg Ecb3\u00a0 105x80mm \u2013 0,18kg Ecb8 \u2013 130x100mm \u2013 0,25kg","og_url":"https:\/\/www.saci.es\/en\/product\/amperimetros-directos\/","og_site_name":"SACI","article_modified_time":"2026-03-18T15:08:11+00:00","og_image":[{"width":800,"height":800,"url":"https:\/\/www.saci.es\/wp-content\/uploads\/2026\/01\/amperimetro-ec3v-LQ.jpg","type":"image\/jpeg"}],"twitter_card":"summary_large_image","twitter_misc":{"Estimated reading time":"1 minute"},"schema":{"@context":"https:\/\/schema.org","@graph":[{"@type":"WebPage","@id":"https:\/\/www.saci.es\/producto\/amperimetros-directos\/","url":"https:\/\/www.saci.es\/producto\/amperimetros-directos\/","name":"Direct ammeters : SACI","isPartOf":{"@id":"\/#website"},"primaryImageOfPage":{"@id":"https:\/\/www.saci.es\/producto\/amperimetros-directos\/#primaryimage"},"image":{"@id":"https:\/\/www.saci.es\/producto\/amperimetros-directos\/#primaryimage"},"thumbnailUrl":"https:\/\/www.saci.es\/wp-content\/uploads\/2026\/01\/amperimetro-ec3v-LQ.jpg","datePublished":"2026-01-14T09:30:04+00:00","dateModified":"2026-03-18T15:08:11+00:00","breadcrumb":{"@id":"https:\/\/www.saci.es\/producto\/amperimetros-directos\/#breadcrumb"},"inLanguage":"en-GB","potentialAction":[{"@type":"ReadAction","target":["https:\/\/www.saci.es\/producto\/amperimetros-directos\/"]}]},{"@type":"ImageObject","inLanguage":"en-GB","@id":"https:\/\/www.saci.es\/producto\/amperimetros-directos\/#primaryimage","url":"https:\/\/www.saci.es\/wp-content\/uploads\/2026\/01\/amperimetro-ec3v-LQ.jpg","contentUrl":"https:\/\/www.saci.es\/wp-content\/uploads\/2026\/01\/amperimetro-ec3v-LQ.jpg","width":800,"height":800},{"@type":"BreadcrumbList","@id":"https:\/\/www.saci.es\/producto\/amperimetros-directos\/#breadcrumb","itemListElement":[{"@type":"ListItem","position":1,"name":"Portada","item":"https:\/\/www.saci.es\/"},{"@type":"ListItem","position":2,"name":"Amper\u00edmetros directos"}]},{"@type":"WebSite","@id":"\/#website","url":"\/","name":"SACI","description":"Design, manufacture and commercialisation of equipment for Electrical Energy Efficiency and Control.","publisher":{"@id":"\/#organization"},"potentialAction":[{"@type":"SearchAction","target":{"@type":"EntryPoint","urlTemplate":"\/?s={search_term_string}"},"query-input":{"@type":"PropertyValueSpecification","valueRequired":true,"valueName":"search_term_string"}}],"inLanguage":"en-GB"},{"@type":"Organization","@id":"\/#organization","name":"SACI","url":"\/","logo":{"@type":"ImageObject","inLanguage":"en-GB","@id":"\/#\/schema\/logo\/image\/","url":"https:\/\/www.saci.es\/wp-content\/uploads\/2025\/12\/SACI.svg","contentUrl":"https:\/\/www.saci.es\/wp-content\/uploads\/2025\/12\/SACI.svg","caption":"SACI"},"image":{"@id":"\/#\/schema\/logo\/image\/"}}]}},"_links":{"self":[{"href":"https:\/\/www.saci.es\/en\/wp-json\/wp\/v2\/product\/18795","targetHints":{"allow":["GET"]}}],"collection":[{"href":"https:\/\/www.saci.es\/en\/wp-json\/wp\/v2\/product"}],"about":[{"href":"https:\/\/www.saci.es\/en\/wp-json\/wp\/v2\/types\/product"}],"wp:featuredmedia":[{"embeddable":true,"href":"https:\/\/www.saci.es\/en\/wp-json\/wp\/v2\/media\/18824"}],"wp:attachment":[{"href":"https:\/\/www.saci.es\/en\/wp-json\/wp\/v2\/media?parent=18795"}],"wp:term":[{"taxonomy":"product_brand","embeddable":true,"href":"https:\/\/www.saci.es\/en\/wp-json\/wp\/v2\/product_brand?post=18795"},{"taxonomy":"product_cat","embeddable":true,"href":"https:\/\/www.saci.es\/en\/wp-json\/wp\/v2\/product_cat?post=18795"},{"taxonomy":"product_tag","embeddable":true,"href":"https:\/\/www.saci.es\/en\/wp-json\/wp\/v2\/product_tag?post=18795"}],"curies":[{"name":"wp","href":"https:\/\/api.w.org\/{rel}","templated":true}]}}