{"id":465,"date":"2025-12-22T15:01:32","date_gmt":"2025-12-22T14:01:32","guid":{"rendered":"http:\/\/saci.planetaries.cat\/?page_id=465"},"modified":"2026-01-19T10:35:06","modified_gmt":"2026-01-19T09:35:06","slug":"naval","status":"publish","type":"page","link":"https:\/\/www.saci.es\/en\/sectores\/naval\/","title":{"rendered":"Naval"},"content":{"rendered":"\n<div class=\"wp-block-columns is-layout-flex wp-container-core-columns-is-layout-9d6595d7 wp-block-columns-is-layout-flex\">\n<div class=\"wp-block-column is-layout-flow wp-block-column-is-layout-flow\">\n<p class=\"nombre-sector\">Naval<\/p>\n\n\n\n<h1 class=\"wp-block-heading\">Gesti\u00f3n energ\u00e9tica fiable y robusta para el sector naval<\/h1>\n<\/div>\n\n\n\n<div class=\"wp-block-column is-layout-flow wp-block-column-is-layout-flow\"><\/div>\n<\/div>\n\n\n\n<hr class=\"wp-block-separator has-alpha-channel-opacity\"\/>\n\n\n\n<div class=\"wp-block-columns is-layout-flex wp-container-core-columns-is-layout-9d6595d7 wp-block-columns-is-layout-flex\">\n<div class=\"wp-block-column is-layout-flow wp-block-column-is-layout-flow\">\n<p>Somos una <strong>empresa que cuenta con una destacada trayectoria en el sector el\u00e9ctrico naval<\/strong> y offshore tanto a nivel nacional como internacional llevando a cabo instalaciones el\u00e9ctricas navales completas.<\/p>\n\n\n\n<p>En el \u00e1mbito naval desarrollamos trabajos de ingenier\u00eda, montaje e instalaciones el\u00e9ctricas, apoyados en una s\u00f3lida fabricaci\u00f3n propia de equipos el\u00e9ctricos con certificaci\u00f3n naval. Entre nuestras soluciones destacan los <strong>analizadores de redes, rel\u00e9s navales, instrumentaci\u00f3n anal\u00f3gica y transformadores de intensidad<\/strong>, dise\u00f1ados espec\u00edficamente para entornos mar\u00edtimos exigentes.<\/p>\n\n\n\n<p>Nuestros equipos cuentan con certificaciones de entidades reconocidas como <strong>Det Norske Veritas<\/strong> o <strong>Lloyd\u2019s Register<\/strong>, que avalan su idoneidad para aplicaciones navales y offshore.<\/p>\n\n\n\n<p><strong>Equipo SACI<br><\/strong>Los equipos SACI han superado rigurosas pruebas para garantizar su fiabilidad en la puesta en marcha y el mantenimiento de buques y plataformas, con el objetivo de ofrecer soluciones el\u00e9ctricas seguras, eficientes y de alto valor a\u00f1adido al mercado naval internacional.<\/p>\n<\/div>\n\n\n\n<div class=\"wp-block-column is-layout-flow wp-block-column-is-layout-flow\">\n<figure class=\"wp-block-image size-large\"><img loading=\"lazy\" decoding=\"async\" width=\"1024\" height=\"700\" src=\"http:\/\/saci.es\/wp-content\/uploads\/2025\/12\/SACI-naval-1024x700.jpg\" alt=\"\" class=\"wp-image-206\" srcset=\"https:\/\/www.saci.es\/wp-content\/uploads\/2025\/12\/SACI-naval-1024x700.jpg 1024w, https:\/\/www.saci.es\/wp-content\/uploads\/2025\/12\/SACI-naval-300x205.jpg 300w, https:\/\/www.saci.es\/wp-content\/uploads\/2025\/12\/SACI-naval-768x525.jpg 768w, https:\/\/www.saci.es\/wp-content\/uploads\/2025\/12\/SACI-naval-600x410.jpg 600w, https:\/\/www.saci.es\/wp-content\/uploads\/2025\/12\/SACI-naval.jpg 1400w\" sizes=\"auto, (max-width: 1024px) 100vw, 1024px\" \/><\/figure>\n<\/div>\n<\/div>\n\n\n\n<div style=\"height:100px\" aria-hidden=\"true\" class=\"wp-block-spacer\"><\/div>\n\n\n\n<hr class=\"wp-block-separator has-alpha-channel-opacity\"\/>\n\n\n\n<div data-wp-context=\"{&quot;notices&quot;:[],&quot;hideNextPreviousButtons&quot;:false,&quot;isDisabledPrevious&quot;:true,&quot;isDisabledNext&quot;:false,&quot;ariaLabelPrevious&quot;:&quot;Previous products&quot;,&quot;ariaLabelNext&quot;:&quot;Next products&quot;,&quot;collection&quot;:&quot;woocommerce\\\/product-collection\\\/by-category&quot;}\" data-wp-init=\"callbacks.onRender\" data-wp-interactive=\"woocommerce\/product-collection\" data-wp-router-region=\"wc-product-collection-0\" data-__private-preview-state=\"{&quot;isPreview&quot;:false,&quot;previewMessage&quot;:&quot;Los productos reales pueden diferir en funci\\u00f3n de la p\\u00e1gina en la que se est\\u00e9n viendo.&quot;}\" data-block-name=\"woocommerce\/product-collection\" data-collection=\"woocommerce\/product-collection\/by-category\" data-dimensions=\"{&quot;widthType&quot;:&quot;fill&quot;}\" data-display-layout=\"{&quot;type&quot;:&quot;flex&quot;,&quot;columns&quot;:4,&quot;shrinkColumns&quot;:true}\" data-hide-controls=\"[&quot;inherit&quot;,&quot;hand-picked&quot;,&quot;filterable&quot;]\" data-query-context-includes=\"[&quot;collection&quot;]\" data-query-id=\"0\" data-query=\"{&quot;perPage&quot;:100,&quot;pages&quot;:0,&quot;offset&quot;:0,&quot;postType&quot;:&quot;product&quot;,&quot;order&quot;:&quot;desc&quot;,&quot;orderBy&quot;:&quot;date&quot;,&quot;search&quot;:&quot;&quot;,&quot;exclude&quot;:[],&quot;inherit&quot;:false,&quot;taxQuery&quot;:{&quot;product_cat&quot;:[29]},&quot;isProductCollectionBlock&quot;:true,&quot;featured&quot;:false,&quot;woocommerceOnSale&quot;:false,&quot;woocommerceStockStatus&quot;:[&quot;instock&quot;,&quot;outofstock&quot;,&quot;onbackorder&quot;],&quot;woocommerceAttributes&quot;:[],&quot;woocommerceHandPickedProducts&quot;:[],&quot;filterable&quot;:false,&quot;relatedBy&quot;:{&quot;categories&quot;:true,&quot;tags&quot;:true}}\" data-tag-name=\"div\" class=\"wp-block-woocommerce-product-collection is-layout-flow wp-block-woocommerce-product-collection-is-layout-flow\">\t\t<div data-wp-interactive=\"woocommerce\/store-notices\" class=\"wc-block-components-notices alignwide\">\n\t\t\t<template data-wp-each--notice=\"state.notices\" data-wp-each-key=\"context.notice.id\">\n\t\t\t\t<div\n\t\t\t\t\tclass=\"wc-block-components-notice-banner\"\n\t\t\t\t\tdata-wp-init=\"callbacks.scrollIntoView\"\n\t\t\t\t\tdata-wp-class--is-error=\"state.isError\"\n\t\t\t\t\tdata-wp-class--is-success=\"state.isSuccess\"\n\t\t\t\t\tdata-wp-class--is-info=\"state.isInfo\"\n\t\t\t\t\tdata-wp-class--is-dismissible=\"context.notice.dismissible\"\n\t\t\t\t\tdata-wp-bind--role=\"state.role\"\n\t\t\t\t\tdata-wp-watch=\"callbacks.injectIcon\"\n\t\t\t\t>\n\t\t\t\t\t<div class=\"wc-block-components-notice-banner__content\">\n\t\t\t\t\t\t<span data-wp-init=\"callbacks.renderNoticeContent\" aria-live=\"assertive\" aria-atomic=\"true\"><\/span>\n\t\t\t\t\t<\/div>\n\t\t\t\t\t<button\n\t\t\t\t\t\tdata-wp-bind--hidden=\"!context.notice.dismissible\"\n\t\t\t\t\t\tclass=\"wc-block-components-button wp-element-button wc-block-components-notice-banner__dismiss contained\"\n\t\t\t\t\t\taria-label=\"Dismiss this notice\"\n\t\t\t\t\t\tdata-wp-on--click=\"actions.removeNotice\"\n\t\t\t\t\t>\n\t\t\t\t\t\t<svg xmlns=\"http:\/\/www.w3.org\/2000\/svg\" viewBox=\"0 0 24 24\">\n\t\t\t\t\t\t\t<path d=\"M13 11.8l6.1-6.3-1-1-6.1 6.2-6.1-6.2-1 1 6.1 6.3-6.5 6.7 1 1 6.5-6.6 6.5 6.6 1-1z\" \/>\n\t\t\t\t\t\t<\/svg>\n\t\t\t\t\t<\/button>\n\t\t\t\t<\/div>\n\t\t\t<\/template>\n\t\t<\/div>\n\t\t\n<h3 class=\"wp-block-heading\">Productos relacionados<\/h3>\n\n\n<ul data-block-name=\"woocommerce\/product-template\" class=\"wc-block-product-template__responsive columns-4 wc-block-product-template wp-block-woocommerce-product-template is-layout-flow wp-block-woocommerce-product-template-is-layout-flow\" data-wp-on--scroll=\"actions.watchScroll\" data-wp-init=\"callbacks.initResizeObserver\"><li class=\"wc-block-product post-18795 product type-product status-publish has-post-thumbnail product_cat-amperimetros product_cat-instrumentos-analogicos product_cat-naval  woocommerce-text-align-left woocommerce-image-align-center first instock shipping-taxable product-type-simple\"\n\t\t\t\t\t\n\t\t\t\tdata-wp-interactive=\"woocommerce\/product-collection\"\n\t\t\t\tdata-wp-context='{\"productId\":18795}'\n\t\t\t\tdata-wp-key=\"product-item-18795\"\n\t\t\t\n\t\t\t\t>\n\t\t\t\t\t\n<div data-block-name=\"woocommerce\/product-image\" data-image-sizing=\"thumbnail\" data-is-descendent-of-query-loop=\"true\" data-show-sale-badge=\"false\" class=\"wc-block-components-product-image wc-block-grid__product-image wc-block-components-product-image--aspect-ratio-auto wp-block-woocommerce-product-image\"><a href=\"https:\/\/www.saci.es\/en\/producto\/amperimetros-directos\/\" style=\"\" data-wp-on--click=\"woocommerce\/product-collection::actions.viewProduct\"><img decoding=\"async\" width=\"300\" height=\"300\" src=\"https:\/\/www.saci.es\/wp-content\/uploads\/2026\/01\/amperimetro-ec3v-LQ-300x300.jpg\" class=\"attachment-woocommerce_thumbnail size-woocommerce_thumbnail\" alt=\"Amper\u00edmetros directos\" data-testid=\"product-image\" data-image-id=\"18824\" style=\"object-fit:cover;\" loading=\"lazy\" srcset=\"https:\/\/www.saci.es\/wp-content\/uploads\/2026\/01\/amperimetro-ec3v-LQ-300x300.jpg 300w, https:\/\/www.saci.es\/wp-content\/uploads\/2026\/01\/amperimetro-ec3v-LQ-150x150.jpg 150w, https:\/\/www.saci.es\/wp-content\/uploads\/2026\/01\/amperimetro-ec3v-LQ-768x768.jpg 768w, https:\/\/www.saci.es\/wp-content\/uploads\/2026\/01\/amperimetro-ec3v-LQ-600x600.jpg 600w, https:\/\/www.saci.es\/wp-content\/uploads\/2026\/01\/amperimetro-ec3v-LQ-100x100.jpg 100w, https:\/\/www.saci.es\/wp-content\/uploads\/2026\/01\/amperimetro-ec3v-LQ.jpg 800w\" sizes=\"auto, (max-width: 300px) 100vw, 300px\" \/><div class=\"wc-block-components-product-image__inner-container\">\n\n<\/div><\/a><\/div>\n\n<h2 style=\"line-height:1.4; margin-bottom:0.75rem;margin-top:0;\" class=\"has-text-align-left wp-block-post-title has-medium-font-size\"><a data-wp-on--click=\"woocommerce\/product-collection::actions.viewProduct\" href=\"https:\/\/www.saci.es\/en\/producto\/amperimetros-directos\/\" target=\"_self\" >Amper\u00edmetros directos<\/a><\/h2>\n\n\t\t\t\t<\/li><li class=\"wc-block-product post-18878 product type-product status-publish has-post-thumbnail product_cat-instrumentos-analogicos product_cat-naval product_cat-voltimetros  woocommerce-text-align-left woocommerce-image-align-center instock shipping-taxable product-type-simple\"\n\t\t\t\t\t\n\t\t\t\tdata-wp-interactive=\"woocommerce\/product-collection\"\n\t\t\t\tdata-wp-context='{\"productId\":18878}'\n\t\t\t\tdata-wp-key=\"product-item-18878\"\n\t\t\t\n\t\t\t\t>\n\t\t\t\t\t\n<div data-block-name=\"woocommerce\/product-image\" data-image-sizing=\"thumbnail\" data-is-descendent-of-query-loop=\"true\" data-show-sale-badge=\"false\" class=\"wc-block-components-product-image wc-block-grid__product-image wc-block-components-product-image--aspect-ratio-auto wp-block-woocommerce-product-image\"><a href=\"https:\/\/www.saci.es\/en\/producto\/voltimetros-dobles\/\" style=\"\" data-wp-on--click=\"woocommerce\/product-collection::actions.viewProduct\"><img decoding=\"async\" width=\"300\" height=\"300\" src=\"https:\/\/www.saci.es\/wp-content\/uploads\/2026\/01\/voltimetro-doble-ec3vii-300x300.jpg\" class=\"attachment-woocommerce_thumbnail size-woocommerce_thumbnail\" alt=\"Volt\u00edmetros dobles\" data-testid=\"product-image\" data-image-id=\"18916\" style=\"object-fit:cover;\" loading=\"lazy\" srcset=\"https:\/\/www.saci.es\/wp-content\/uploads\/2026\/01\/voltimetro-doble-ec3vii-300x300.jpg 300w, https:\/\/www.saci.es\/wp-content\/uploads\/2026\/01\/voltimetro-doble-ec3vii-150x150.jpg 150w, https:\/\/www.saci.es\/wp-content\/uploads\/2026\/01\/voltimetro-doble-ec3vii-768x768.jpg 768w, https:\/\/www.saci.es\/wp-content\/uploads\/2026\/01\/voltimetro-doble-ec3vii-600x600.jpg 600w, https:\/\/www.saci.es\/wp-content\/uploads\/2026\/01\/voltimetro-doble-ec3vii-100x100.jpg 100w, https:\/\/www.saci.es\/wp-content\/uploads\/2026\/01\/voltimetro-doble-ec3vii.jpg 1181w\" sizes=\"auto, (max-width: 300px) 100vw, 300px\" \/><div class=\"wc-block-components-product-image__inner-container\">\n\n<\/div><\/a><\/div>\n\n<h2 style=\"line-height:1.4; margin-bottom:0.75rem;margin-top:0;\" class=\"has-text-align-left wp-block-post-title has-medium-font-size\"><a data-wp-on--click=\"woocommerce\/product-collection::actions.viewProduct\" href=\"https:\/\/www.saci.es\/en\/producto\/voltimetros-dobles\/\" target=\"_self\" >Volt\u00edmetros dobles<\/a><\/h2>\n\n\t\t\t\t<\/li><li class=\"wc-block-product post-18882 product type-product status-publish has-post-thumbnail product_cat-instrumentos-analogicos product_cat-instrumentos-de-sincronizacion product_cat-naval  woocommerce-text-align-left woocommerce-image-align-center instock shipping-taxable product-type-simple\"\n\t\t\t\t\t\n\t\t\t\tdata-wp-interactive=\"woocommerce\/product-collection\"\n\t\t\t\tdata-wp-context='{\"productId\":18882}'\n\t\t\t\tdata-wp-key=\"product-item-18882\"\n\t\t\t\n\t\t\t\t>\n\t\t\t\t\t\n<div data-block-name=\"woocommerce\/product-image\" data-image-sizing=\"thumbnail\" data-is-descendent-of-query-loop=\"true\" data-show-sale-badge=\"false\" class=\"wc-block-components-product-image wc-block-grid__product-image wc-block-components-product-image--aspect-ratio-auto wp-block-woocommerce-product-image\"><a href=\"https:\/\/www.saci.es\/en\/producto\/sincronoscopios\/\" style=\"\" data-wp-on--click=\"woocommerce\/product-collection::actions.viewProduct\"><img decoding=\"async\" width=\"300\" height=\"300\" src=\"https:\/\/www.saci.es\/wp-content\/uploads\/2026\/01\/sincronoscopio-sc3v-300x300.jpg\" class=\"attachment-woocommerce_thumbnail size-woocommerce_thumbnail\" alt=\"Sincronoscopios\" data-testid=\"product-image\" data-image-id=\"18934\" style=\"object-fit:cover;\" loading=\"lazy\" srcset=\"https:\/\/www.saci.es\/wp-content\/uploads\/2026\/01\/sincronoscopio-sc3v-300x300.jpg 300w, https:\/\/www.saci.es\/wp-content\/uploads\/2026\/01\/sincronoscopio-sc3v-150x150.jpg 150w, https:\/\/www.saci.es\/wp-content\/uploads\/2026\/01\/sincronoscopio-sc3v-768x768.jpg 768w, https:\/\/www.saci.es\/wp-content\/uploads\/2026\/01\/sincronoscopio-sc3v-600x600.jpg 600w, https:\/\/www.saci.es\/wp-content\/uploads\/2026\/01\/sincronoscopio-sc3v-100x100.jpg 100w, https:\/\/www.saci.es\/wp-content\/uploads\/2026\/01\/sincronoscopio-sc3v.jpg 1181w\" sizes=\"auto, (max-width: 300px) 100vw, 300px\" \/><div class=\"wc-block-components-product-image__inner-container\">\n\n<\/div><\/a><\/div>\n\n<h2 style=\"line-height:1.4; margin-bottom:0.75rem;margin-top:0;\" class=\"has-text-align-left wp-block-post-title has-medium-font-size\"><a data-wp-on--click=\"woocommerce\/product-collection::actions.viewProduct\" href=\"https:\/\/www.saci.es\/en\/producto\/sincronoscopios\/\" target=\"_self\" >Sincronoscopios<\/a><\/h2>\n\n\t\t\t\t<\/li><li class=\"wc-block-product post-18889 product type-product status-publish has-post-thumbnail product_cat-instrumentos-analogicos product_cat-naval product_cat-reles-de-proteccion-y-control  woocommerce-text-align-left woocommerce-image-align-center last instock shipping-taxable product-type-simple\"\n\t\t\t\t\t\n\t\t\t\tdata-wp-interactive=\"woocommerce\/product-collection\"\n\t\t\t\tdata-wp-context='{\"productId\":18889}'\n\t\t\t\tdata-wp-key=\"product-item-18889\"\n\t\t\t\n\t\t\t\t>\n\t\t\t\t\t\n<div data-block-name=\"woocommerce\/product-image\" data-image-sizing=\"thumbnail\" data-is-descendent-of-query-loop=\"true\" data-show-sale-badge=\"false\" class=\"wc-block-components-product-image wc-block-grid__product-image wc-block-components-product-image--aspect-ratio-auto wp-block-woocommerce-product-image\"><a href=\"https:\/\/www.saci.es\/en\/producto\/rele-maxima-intensidad\/\" style=\"\" data-wp-on--click=\"woocommerce\/product-collection::actions.viewProduct\"><img decoding=\"async\" width=\"300\" height=\"300\" src=\"https:\/\/www.saci.es\/wp-content\/uploads\/2026\/01\/rele-de-maxima-intensidad-rmc2-300x300.jpg\" class=\"attachment-woocommerce_thumbnail size-woocommerce_thumbnail\" alt=\"Rel\u00e9 de m\u00e1xima intensidad\" data-testid=\"product-image\" data-image-id=\"18941\" style=\"object-fit:cover;\" loading=\"lazy\" srcset=\"https:\/\/www.saci.es\/wp-content\/uploads\/2026\/01\/rele-de-maxima-intensidad-rmc2-300x300.jpg 300w, https:\/\/www.saci.es\/wp-content\/uploads\/2026\/01\/rele-de-maxima-intensidad-rmc2-150x150.jpg 150w, https:\/\/www.saci.es\/wp-content\/uploads\/2026\/01\/rele-de-maxima-intensidad-rmc2-768x768.jpg 768w, https:\/\/www.saci.es\/wp-content\/uploads\/2026\/01\/rele-de-maxima-intensidad-rmc2-600x600.jpg 600w, https:\/\/www.saci.es\/wp-content\/uploads\/2026\/01\/rele-de-maxima-intensidad-rmc2-100x100.jpg 100w, https:\/\/www.saci.es\/wp-content\/uploads\/2026\/01\/rele-de-maxima-intensidad-rmc2.jpg 1181w\" sizes=\"auto, (max-width: 300px) 100vw, 300px\" \/><div class=\"wc-block-components-product-image__inner-container\">\n\n<\/div><\/a><\/div>\n\n<h2 style=\"line-height:1.4; margin-bottom:0.75rem;margin-top:0;\" class=\"has-text-align-left wp-block-post-title has-medium-font-size\"><a data-wp-on--click=\"woocommerce\/product-collection::actions.viewProduct\" href=\"https:\/\/www.saci.es\/en\/producto\/rele-maxima-intensidad\/\" target=\"_self\" >Rel\u00e9 de m\u00e1xima intensidad<\/a><\/h2>\n\n\t\t\t\t<\/li><li class=\"wc-block-product post-18757 product type-product status-publish has-post-thumbnail product_cat-instrumentos-analogicos product_cat-naval product_cat-reles-de-proteccion-y-control  woocommerce-text-align-left woocommerce-image-align-center first instock shipping-taxable product-type-simple\"\n\t\t\t\t\t\n\t\t\t\tdata-wp-interactive=\"woocommerce\/product-collection\"\n\t\t\t\tdata-wp-context='{\"productId\":18757}'\n\t\t\t\tdata-wp-key=\"product-item-18757\"\n\t\t\t\n\t\t\t\t>\n\t\t\t\t\t\n<div data-block-name=\"woocommerce\/product-image\" data-image-sizing=\"thumbnail\" data-is-descendent-of-query-loop=\"true\" data-show-sale-badge=\"false\" class=\"wc-block-components-product-image wc-block-grid__product-image wc-block-components-product-image--aspect-ratio-auto wp-block-woocommerce-product-image\"><a href=\"https:\/\/www.saci.es\/en\/producto\/instrumento-analogico-rsn\/\" style=\"\" data-wp-on--click=\"woocommerce\/product-collection::actions.viewProduct\"><img decoding=\"async\" width=\"300\" height=\"300\" src=\"https:\/\/www.saci.es\/wp-content\/uploads\/2026\/01\/RSN-LQ-300x300.jpg\" class=\"attachment-woocommerce_thumbnail size-woocommerce_thumbnail\" alt=\"Rel\u00e9 de Supervisi\u00f3n Naval RSN\" data-testid=\"product-image\" data-image-id=\"18775\" style=\"object-fit:cover;\" loading=\"lazy\" srcset=\"https:\/\/www.saci.es\/wp-content\/uploads\/2026\/01\/RSN-LQ-300x300.jpg 300w, https:\/\/www.saci.es\/wp-content\/uploads\/2026\/01\/RSN-LQ-150x150.jpg 150w, https:\/\/www.saci.es\/wp-content\/uploads\/2026\/01\/RSN-LQ-768x768.jpg 768w, https:\/\/www.saci.es\/wp-content\/uploads\/2026\/01\/RSN-LQ-600x600.jpg 600w, https:\/\/www.saci.es\/wp-content\/uploads\/2026\/01\/RSN-LQ-100x100.jpg 100w, https:\/\/www.saci.es\/wp-content\/uploads\/2026\/01\/RSN-LQ.jpg 800w\" sizes=\"auto, (max-width: 300px) 100vw, 300px\" \/><div class=\"wc-block-components-product-image__inner-container\">\n\n<\/div><\/a><\/div>\n\n<h2 style=\"line-height:1.4; margin-bottom:0.75rem;margin-top:0;\" class=\"has-text-align-left wp-block-post-title has-medium-font-size\"><a data-wp-on--click=\"woocommerce\/product-collection::actions.viewProduct\" href=\"https:\/\/www.saci.es\/en\/producto\/instrumento-analogico-rsn\/\" target=\"_self\" >Rel\u00e9 de Supervisi\u00f3n Naval RSN<\/a><\/h2>\n\n\t\t\t\t<\/li><\/ul><\/div>\n","protected":false},"excerpt":{"rendered":"","protected":false},"author":1,"featured_media":206,"parent":56,"menu_order":2,"comment_status":"closed","ping_status":"closed","template":"","meta":{"_acf_changed":false,"footnotes":""},"class_list":["post-465","page","type-page","status-publish","has-post-thumbnail"],"acf":[],"yoast_head":"<!-- This site is optimized with the Yoast SEO plugin v26.9 - https:\/\/yoast.com\/product\/yoast-seo-wordpress\/ -->\n<title>Naval | SACI<\/title>\n<meta name=\"robots\" content=\"index, follow, max-snippet:-1, max-image-preview:large, max-video-preview:-1\" \/>\n<link rel=\"canonical\" href=\"https:\/\/www.saci.es\/en\/sectors\/naval\/\" \/>\n<meta property=\"og:locale\" content=\"en_GB\" \/>\n<meta property=\"og:type\" content=\"article\" \/>\n<meta property=\"og:title\" content=\"Naval | SACI\" \/>\n<meta property=\"og:url\" content=\"https:\/\/www.saci.es\/en\/sectors\/naval\/\" \/>\n<meta property=\"og:site_name\" content=\"SACI\" \/>\n<meta property=\"article:modified_time\" content=\"2026-01-19T09:35:06+00:00\" \/>\n<meta property=\"og:image\" content=\"https:\/\/www.saci.es\/wp-content\/uploads\/2025\/12\/SACI-naval.jpg\" \/>\n\t<meta property=\"og:image:width\" content=\"1400\" \/>\n\t<meta property=\"og:image:height\" content=\"957\" \/>\n\t<meta property=\"og:image:type\" content=\"image\/jpeg\" \/>\n<meta name=\"twitter:card\" content=\"summary_large_image\" \/>\n<meta name=\"twitter:label1\" content=\"Estimated reading time\" \/>\n\t<meta name=\"twitter:data1\" content=\"2 minutes\" \/>\n<script type=\"application\/ld+json\" class=\"yoast-schema-graph\">{\"@context\":\"https:\/\/schema.org\",\"@graph\":[{\"@type\":\"WebPage\",\"@id\":\"https:\/\/www.saci.es\/en\/sectores\/naval\/\",\"url\":\"https:\/\/www.saci.es\/en\/sectores\/naval\/\",\"name\":\"Naval | SACI\",\"isPartOf\":{\"@id\":\"\/#website\"},\"primaryImageOfPage\":{\"@id\":\"https:\/\/www.saci.es\/en\/sectores\/naval\/#primaryimage\"},\"image\":{\"@id\":\"https:\/\/www.saci.es\/en\/sectores\/naval\/#primaryimage\"},\"thumbnailUrl\":\"https:\/\/www.saci.es\/wp-content\/uploads\/2025\/12\/SACI-naval.jpg\",\"datePublished\":\"2025-12-22T14:01:32+00:00\",\"dateModified\":\"2026-01-19T09:35:06+00:00\",\"breadcrumb\":{\"@id\":\"https:\/\/www.saci.es\/en\/sectores\/naval\/#breadcrumb\"},\"inLanguage\":\"en-GB\",\"potentialAction\":[{\"@type\":\"ReadAction\",\"target\":[\"https:\/\/www.saci.es\/en\/sectores\/naval\/\"]}]},{\"@type\":\"ImageObject\",\"inLanguage\":\"en-GB\",\"@id\":\"https:\/\/www.saci.es\/en\/sectores\/naval\/#primaryimage\",\"url\":\"https:\/\/www.saci.es\/wp-content\/uploads\/2025\/12\/SACI-naval.jpg\",\"contentUrl\":\"https:\/\/www.saci.es\/wp-content\/uploads\/2025\/12\/SACI-naval.jpg\",\"width\":1400,\"height\":957},{\"@type\":\"BreadcrumbList\",\"@id\":\"https:\/\/www.saci.es\/en\/sectores\/naval\/#breadcrumb\",\"itemListElement\":[{\"@type\":\"ListItem\",\"position\":1,\"name\":\"Portada\",\"item\":\"https:\/\/www.saci.es\/\"},{\"@type\":\"ListItem\",\"position\":2,\"name\":\"Sectores\",\"item\":\"https:\/\/www.saci.es\/en\/sectores\/\"},{\"@type\":\"ListItem\",\"position\":3,\"name\":\"Naval\"}]},{\"@type\":\"WebSite\",\"@id\":\"\/#website\",\"url\":\"\/\",\"name\":\"SACI\",\"description\":\"Dise\u00f1o, fabricaci\u00f3n y comercializaci\u00f3n de equipos orientados al Control y Eficiencia Energ\u00e9tica El\u00e9ctrica\",\"publisher\":{\"@id\":\"\/#organization\"},\"potentialAction\":[{\"@type\":\"SearchAction\",\"target\":{\"@type\":\"EntryPoint\",\"urlTemplate\":\"\/?s={search_term_string}\"},\"query-input\":{\"@type\":\"PropertyValueSpecification\",\"valueRequired\":true,\"valueName\":\"search_term_string\"}}],\"inLanguage\":\"en-GB\"},{\"@type\":\"Organization\",\"@id\":\"\/#organization\",\"name\":\"SACI\",\"url\":\"\/\",\"logo\":{\"@type\":\"ImageObject\",\"inLanguage\":\"en-GB\",\"@id\":\"\/#\/schema\/logo\/image\/\",\"url\":\"https:\/\/www.saci.es\/wp-content\/uploads\/2025\/12\/SACI.svg\",\"contentUrl\":\"https:\/\/www.saci.es\/wp-content\/uploads\/2025\/12\/SACI.svg\",\"caption\":\"SACI\"},\"image\":{\"@id\":\"\/#\/schema\/logo\/image\/\"}}]}<\/script>\n<!-- \/ Yoast SEO plugin. -->","yoast_head_json":{"title":"Naval | SACI","robots":{"index":"index","follow":"follow","max-snippet":"max-snippet:-1","max-image-preview":"max-image-preview:large","max-video-preview":"max-video-preview:-1"},"canonical":"https:\/\/www.saci.es\/en\/sectors\/naval\/","og_locale":"en_GB","og_type":"article","og_title":"Naval | SACI","og_url":"https:\/\/www.saci.es\/en\/sectors\/naval\/","og_site_name":"SACI","article_modified_time":"2026-01-19T09:35:06+00:00","og_image":[{"width":1400,"height":957,"url":"https:\/\/www.saci.es\/wp-content\/uploads\/2025\/12\/SACI-naval.jpg","type":"image\/jpeg"}],"twitter_card":"summary_large_image","twitter_misc":{"Estimated reading time":"2 minutes"},"schema":{"@context":"https:\/\/schema.org","@graph":[{"@type":"WebPage","@id":"https:\/\/www.saci.es\/en\/sectores\/naval\/","url":"https:\/\/www.saci.es\/en\/sectores\/naval\/","name":"Naval | SACI","isPartOf":{"@id":"\/#website"},"primaryImageOfPage":{"@id":"https:\/\/www.saci.es\/en\/sectores\/naval\/#primaryimage"},"image":{"@id":"https:\/\/www.saci.es\/en\/sectores\/naval\/#primaryimage"},"thumbnailUrl":"https:\/\/www.saci.es\/wp-content\/uploads\/2025\/12\/SACI-naval.jpg","datePublished":"2025-12-22T14:01:32+00:00","dateModified":"2026-01-19T09:35:06+00:00","breadcrumb":{"@id":"https:\/\/www.saci.es\/en\/sectores\/naval\/#breadcrumb"},"inLanguage":"en-GB","potentialAction":[{"@type":"ReadAction","target":["https:\/\/www.saci.es\/en\/sectores\/naval\/"]}]},{"@type":"ImageObject","inLanguage":"en-GB","@id":"https:\/\/www.saci.es\/en\/sectores\/naval\/#primaryimage","url":"https:\/\/www.saci.es\/wp-content\/uploads\/2025\/12\/SACI-naval.jpg","contentUrl":"https:\/\/www.saci.es\/wp-content\/uploads\/2025\/12\/SACI-naval.jpg","width":1400,"height":957},{"@type":"BreadcrumbList","@id":"https:\/\/www.saci.es\/en\/sectores\/naval\/#breadcrumb","itemListElement":[{"@type":"ListItem","position":1,"name":"Portada","item":"https:\/\/www.saci.es\/"},{"@type":"ListItem","position":2,"name":"Sectores","item":"https:\/\/www.saci.es\/en\/sectores\/"},{"@type":"ListItem","position":3,"name":"Naval"}]},{"@type":"WebSite","@id":"\/#website","url":"\/","name":"SACI","description":"Design, manufacture and commercialisation of equipment for Electrical Energy Efficiency and Control.","publisher":{"@id":"\/#organization"},"potentialAction":[{"@type":"SearchAction","target":{"@type":"EntryPoint","urlTemplate":"\/?s={search_term_string}"},"query-input":{"@type":"PropertyValueSpecification","valueRequired":true,"valueName":"search_term_string"}}],"inLanguage":"en-GB"},{"@type":"Organization","@id":"\/#organization","name":"SACI","url":"\/","logo":{"@type":"ImageObject","inLanguage":"en-GB","@id":"\/#\/schema\/logo\/image\/","url":"https:\/\/www.saci.es\/wp-content\/uploads\/2025\/12\/SACI.svg","contentUrl":"https:\/\/www.saci.es\/wp-content\/uploads\/2025\/12\/SACI.svg","caption":"SACI"},"image":{"@id":"\/#\/schema\/logo\/image\/"}}]}},"_links":{"self":[{"href":"https:\/\/www.saci.es\/en\/wp-json\/wp\/v2\/pages\/465","targetHints":{"allow":["GET"]}}],"collection":[{"href":"https:\/\/www.saci.es\/en\/wp-json\/wp\/v2\/pages"}],"about":[{"href":"https:\/\/www.saci.es\/en\/wp-json\/wp\/v2\/types\/page"}],"author":[{"embeddable":true,"href":"https:\/\/www.saci.es\/en\/wp-json\/wp\/v2\/users\/1"}],"replies":[{"embeddable":true,"href":"https:\/\/www.saci.es\/en\/wp-json\/wp\/v2\/comments?post=465"}],"version-history":[{"count":13,"href":"https:\/\/www.saci.es\/en\/wp-json\/wp\/v2\/pages\/465\/revisions"}],"predecessor-version":[{"id":21137,"href":"https:\/\/www.saci.es\/en\/wp-json\/wp\/v2\/pages\/465\/revisions\/21137"}],"up":[{"embeddable":true,"href":"https:\/\/www.saci.es\/en\/wp-json\/wp\/v2\/pages\/56"}],"wp:featuredmedia":[{"embeddable":true,"href":"https:\/\/www.saci.es\/en\/wp-json\/wp\/v2\/media\/206"}],"wp:attachment":[{"href":"https:\/\/www.saci.es\/en\/wp-json\/wp\/v2\/media?parent=465"}],"curies":[{"name":"wp","href":"https:\/\/api.w.org\/{rel}","templated":true}]}}