{"id":316,"date":"2025-12-10T19:37:27","date_gmt":"2025-12-10T18:37:27","guid":{"rendered":"http:\/\/saci.planetaries.cat\/?page_id=316"},"modified":"2025-12-10T20:33:57","modified_gmt":"2025-12-10T19:33:57","slug":"internal-information-system","status":"publish","type":"page","link":"https:\/\/www.saci.es\/en\/sistema-de-informacion-interno\/","title":{"rendered":"Internal information system"},"content":{"rendered":"<div class=\"wp-block-columns is-layout-flex wp-container-core-columns-is-layout-9d6595d7 wp-block-columns-is-layout-flex\">\n<div class=\"wp-block-column is-layout-flow wp-block-column-is-layout-flow\">\n<p>SACI is committed to compliance with the law and the prevention of infringements. To this end, it has set up the SACI Internal Reporting System as a means by which conduct occurring in the course of the company's business that may be contrary to the law or its internal regulations can be reported anonymously and confidentially.<\/p>\n\n\n\n<p>The internal information system is designed and managed in strict compliance with the legal requirements of availability, confidentiality of the identity of the whistleblower and third parties involved, as well as of the investigations that may be carried out, effectiveness, investigation procedure, developed through the relevant policy and procedures and whistleblower protection.<\/p>\n<\/div>\n\n\n\n<div class=\"wp-block-column is-layout-flow wp-block-column-is-layout-flow\">\n<figure class=\"wp-block-image size-full\"><img loading=\"lazy\" decoding=\"async\" width=\"1000\" height=\"563\" src=\"http:\/\/saci.es\/wp-content\/uploads\/2025\/12\/personas-burbujas-discurso.webp\" alt=\"\" class=\"wp-image-334\" srcset=\"https:\/\/www.saci.es\/wp-content\/uploads\/2025\/12\/personas-burbujas-discurso.webp 1000w, https:\/\/www.saci.es\/wp-content\/uploads\/2025\/12\/personas-burbujas-discurso-300x169.webp 300w, https:\/\/www.saci.es\/wp-content\/uploads\/2025\/12\/personas-burbujas-discurso-768x432.webp 768w, https:\/\/www.saci.es\/wp-content\/uploads\/2025\/12\/personas-burbujas-discurso-600x338.webp 600w\" sizes=\"auto, (max-width: 1000px) 100vw, 1000px\" \/><\/figure>\n<\/div>\n<\/div>\n\n\n\n<div style=\"height:60px\" aria-hidden=\"true\" class=\"wp-block-spacer\"><\/div>\n\n\n\n<div data-wp-context=\"{ &quot;autoclose&quot;: true, &quot;accordionItems&quot;: [] }\" data-wp-interactive=\"core\/accordion\" role=\"group\" class=\"wp-block-accordion is-layout-flow wp-block-accordion-is-layout-flow\">\n<div data-wp-class--is-open=\"state.isOpen\" data-wp-context=\"{ &quot;id&quot;: &quot;accordion-item-1&quot;, &quot;openByDefault&quot;: false }\" data-wp-init=\"callbacks.initAccordionItems\" data-wp-on-window--hashchange=\"callbacks.hashChange\" class=\"wp-block-accordion-item is-layout-flow wp-block-accordion-item-is-layout-flow\">\n<h3 class=\"wp-block-accordion-heading\"><button aria-expanded=\"false\" aria-controls=\"accordion-item-1-panel\" data-wp-bind--aria-expanded=\"state.isOpen\" data-wp-on--click=\"actions.toggle\" data-wp-on--keydown=\"actions.handleKeyDown\" id=\"accordion-item-1\" class=\"wp-block-accordion-heading__toggle\"><span class=\"wp-block-accordion-heading__toggle-title\">Who can report?<\/span><span class=\"wp-block-accordion-heading__toggle-icon\" aria-hidden=\"true\">+<\/span><\/button><\/h3>\n\n\n\n<div inert aria-labelledby=\"accordion-item-1\" data-wp-bind--inert=\"!state.isOpen\" id=\"accordion-item-1-panel\" role=\"region\" class=\"wp-block-accordion-panel is-layout-flow wp-block-accordion-panel-is-layout-flow\">\n<p>SACI's Internal Information System is open to all members of the SACI Board, management, employees, employee representatives, terminated employees, volunteers, trainees, job applicants where information on breaches has been obtained during the selection process.<\/p>\n<\/div>\n<\/div>\n\n\n\n<div data-wp-class--is-open=\"state.isOpen\" data-wp-context=\"{ &quot;id&quot;: &quot;accordion-item-2&quot;, &quot;openByDefault&quot;: false }\" data-wp-init=\"callbacks.initAccordionItems\" data-wp-on-window--hashchange=\"callbacks.hashChange\" class=\"wp-block-accordion-item is-layout-flow wp-block-accordion-item-is-layout-flow\">\n<h3 class=\"wp-block-accordion-heading\"><button aria-expanded=\"false\" aria-controls=\"accordion-item-2-panel\" data-wp-bind--aria-expanded=\"state.isOpen\" data-wp-on--click=\"actions.toggle\" data-wp-on--keydown=\"actions.handleKeyDown\" id=\"accordion-item-2\" class=\"wp-block-accordion-heading__toggle\"><span class=\"wp-block-accordion-heading__toggle-title\"><a>What can you find out?<\/a><\/span><span class=\"wp-block-accordion-heading__toggle-icon\" aria-hidden=\"true\">+<\/span><\/button><\/h3>\n\n\n\n<div inert aria-labelledby=\"accordion-item-2\" data-wp-bind--inert=\"!state.isOpen\" id=\"accordion-item-2-panel\" role=\"region\" class=\"wp-block-accordion-panel is-layout-flow wp-block-accordion-panel-is-layout-flow\">\n<p>The SACI Internal Reporting System is intended to serve as a means of reporting irregular conduct, understood as such:<\/p>\n\n\n\n<ul class=\"wp-block-list\">\n<li>Actions or omissions that could constitute a criminal or administrative offence, whether serious or very serious.<\/li>\n\n\n\n<li>Violation of SACI's internal regulations.<\/li>\n\n\n\n<li>Any conduct that may be considered reprehensible from the perspective of integrity as a principle of SACI.<\/li>\n<\/ul>\n<\/div>\n<\/div>\n\n\n\n<div data-wp-class--is-open=\"state.isOpen\" data-wp-context=\"{ &quot;id&quot;: &quot;accordion-item-3&quot;, &quot;openByDefault&quot;: false }\" data-wp-init=\"callbacks.initAccordionItems\" data-wp-on-window--hashchange=\"callbacks.hashChange\" class=\"wp-block-accordion-item is-layout-flow wp-block-accordion-item-is-layout-flow\">\n<h3 class=\"wp-block-accordion-heading\"><button aria-expanded=\"false\" aria-controls=\"accordion-item-3-panel\" data-wp-bind--aria-expanded=\"state.isOpen\" data-wp-on--click=\"actions.toggle\" data-wp-on--keydown=\"actions.handleKeyDown\" id=\"accordion-item-3\" class=\"wp-block-accordion-heading__toggle\"><span class=\"wp-block-accordion-heading__toggle-title\"><a>How can you find out more?<\/a><\/span><span class=\"wp-block-accordion-heading__toggle-icon\" aria-hidden=\"true\">+<\/span><\/button><\/h3>\n\n\n\n<div inert aria-labelledby=\"accordion-item-3\" data-wp-bind--inert=\"!state.isOpen\" id=\"accordion-item-3-panel\" role=\"region\" class=\"wp-block-accordion-panel is-layout-flow wp-block-accordion-panel-is-layout-flow\">\n<p>SACI offers interested parties the possibility of reporting possible irregularities by clicking on the link contained in the Internal Reporting System tab, in the box\u00a0<strong>REPORT.<\/strong><\/p>\n<\/div>\n<\/div>\n\n\n\n<div data-wp-class--is-open=\"state.isOpen\" data-wp-context=\"{ &quot;id&quot;: &quot;accordion-item-4&quot;, &quot;openByDefault&quot;: false }\" data-wp-init=\"callbacks.initAccordionItems\" data-wp-on-window--hashchange=\"callbacks.hashChange\" class=\"wp-block-accordion-item is-layout-flow wp-block-accordion-item-is-layout-flow\">\n<h3 class=\"wp-block-accordion-heading\"><button aria-expanded=\"false\" aria-controls=\"accordion-item-4-panel\" data-wp-bind--aria-expanded=\"state.isOpen\" data-wp-on--click=\"actions.toggle\" data-wp-on--keydown=\"actions.handleKeyDown\" id=\"accordion-item-4\" class=\"wp-block-accordion-heading__toggle\"><span class=\"wp-block-accordion-heading__toggle-title\"><a>My rights<\/a><\/span><span class=\"wp-block-accordion-heading__toggle-icon\" aria-hidden=\"true\">+<\/span><\/button><\/h3>\n\n\n\n<div inert aria-labelledby=\"accordion-item-4\" data-wp-bind--inert=\"!state.isOpen\" id=\"accordion-item-4-panel\" role=\"region\" class=\"wp-block-accordion-panel is-layout-flow wp-block-accordion-panel-is-layout-flow\">\n<p>SACI's internal reporting system will always ensure that the rights of informants are respected, such as:<\/p>\n\n\n\n<ul class=\"wp-block-list\">\n<li>That their identity is not disclosed.<\/li>\n\n\n\n<li>To receive acknowledgement of receipt of the communication he\/she makes and of the decision taken on whether or not to initiate the investigation, provided that he\/she designates an address for that purpose.<\/li>\n\n\n\n<li>To receive information on data protection.<\/li>\n\n\n\n<li>To be informed about protection and support measures as a whistleblower.<\/li>\n\n\n\n<li>To be informed of the processing of the file that may give rise to his or her communication.<\/li>\n\n\n\n<li>To be informed of the existence of other external information systems.<\/li>\n<\/ul>\n<\/div>\n<\/div>\n<\/div>\n\n\n\n<div style=\"height:60px\" aria-hidden=\"true\" class=\"wp-block-spacer\"><\/div>\n\n\n\n<div class=\"wp-block-buttons is-content-justification-center is-layout-flex wp-container-core-buttons-is-layout-16018d1d wp-block-buttons-is-layout-flex\">\n<div class=\"wp-block-button\"><a class=\"wp-block-button__link wp-element-button\" href=\"http:\/\/centinela.lefebvre.es\/public\/concept\/1907724?access=7TroK%2b%2bUCOkk2mLTHQGHT4PEfSV9D32YS%2fIRgFN5vK4%3d\" target=\"_blank\" rel=\"noreferrer noopener\">Report<\/a><\/div>\n<\/div>","protected":false},"excerpt":{"rendered":"","protected":false},"author":1,"featured_media":0,"parent":0,"menu_order":0,"comment_status":"closed","ping_status":"closed","template":"","meta":{"_acf_changed":false,"footnotes":""},"class_list":["post-316","page","type-page","status-publish"],"acf":[],"yoast_head":"<!-- This site is optimized with the Yoast SEO plugin v26.9 - https:\/\/yoast.com\/product\/yoast-seo-wordpress\/ -->\n<title>Sistema de informaci\u00f3n interno | SACI<\/title>\n<meta name=\"robots\" content=\"index, follow, max-snippet:-1, max-image-preview:large, max-video-preview:-1\" \/>\n<link rel=\"canonical\" href=\"https:\/\/www.saci.es\/en\/internal-information-system\/\" \/>\n<meta property=\"og:locale\" content=\"en_GB\" \/>\n<meta property=\"og:type\" content=\"article\" \/>\n<meta property=\"og:title\" content=\"Sistema de informaci\u00f3n interno | SACI\" \/>\n<meta property=\"og:url\" content=\"https:\/\/www.saci.es\/en\/internal-information-system\/\" \/>\n<meta property=\"og:site_name\" content=\"SACI\" \/>\n<meta property=\"article:modified_time\" content=\"2025-12-10T19:33:57+00:00\" \/>\n<meta property=\"og:image\" content=\"http:\/\/saci.es\/wp-content\/uploads\/2025\/12\/personas-burbujas-discurso.webp\" \/>\n<meta name=\"twitter:card\" content=\"summary_large_image\" \/>\n<meta name=\"twitter:label1\" content=\"Estimated reading time\" \/>\n\t<meta name=\"twitter:data1\" content=\"2 minutes\" \/>\n<script type=\"application\/ld+json\" class=\"yoast-schema-graph\">{\"@context\":\"https:\/\/schema.org\",\"@graph\":[{\"@type\":\"WebPage\",\"@id\":\"https:\/\/www.saci.es\/en\/sistema-de-informacion-interno\/\",\"url\":\"https:\/\/www.saci.es\/en\/sistema-de-informacion-interno\/\",\"name\":\"Sistema de informaci\u00f3n interno | SACI\",\"isPartOf\":{\"@id\":\"\/#website\"},\"primaryImageOfPage\":{\"@id\":\"https:\/\/www.saci.es\/en\/sistema-de-informacion-interno\/#primaryimage\"},\"image\":{\"@id\":\"https:\/\/www.saci.es\/en\/sistema-de-informacion-interno\/#primaryimage\"},\"thumbnailUrl\":\"http:\/\/saci.es\/wp-content\/uploads\/2025\/12\/personas-burbujas-discurso.webp\",\"datePublished\":\"2025-12-10T18:37:27+00:00\",\"dateModified\":\"2025-12-10T19:33:57+00:00\",\"breadcrumb\":{\"@id\":\"https:\/\/www.saci.es\/en\/sistema-de-informacion-interno\/#breadcrumb\"},\"inLanguage\":\"en-GB\",\"potentialAction\":[{\"@type\":\"ReadAction\",\"target\":[\"https:\/\/www.saci.es\/en\/sistema-de-informacion-interno\/\"]}]},{\"@type\":\"ImageObject\",\"inLanguage\":\"en-GB\",\"@id\":\"https:\/\/www.saci.es\/en\/sistema-de-informacion-interno\/#primaryimage\",\"url\":\"http:\/\/saci.es\/wp-content\/uploads\/2025\/12\/personas-burbujas-discurso.webp\",\"contentUrl\":\"http:\/\/saci.es\/wp-content\/uploads\/2025\/12\/personas-burbujas-discurso.webp\"},{\"@type\":\"BreadcrumbList\",\"@id\":\"https:\/\/www.saci.es\/en\/sistema-de-informacion-interno\/#breadcrumb\",\"itemListElement\":[{\"@type\":\"ListItem\",\"position\":1,\"name\":\"Portada\",\"item\":\"https:\/\/www.saci.es\/\"},{\"@type\":\"ListItem\",\"position\":2,\"name\":\"Sistema de informaci\u00f3n interno\"}]},{\"@type\":\"WebSite\",\"@id\":\"\/#website\",\"url\":\"\/\",\"name\":\"SACI\",\"description\":\"Dise\u00f1o, fabricaci\u00f3n y comercializaci\u00f3n de equipos orientados al Control y Eficiencia Energ\u00e9tica El\u00e9ctrica\",\"publisher\":{\"@id\":\"\/#organization\"},\"potentialAction\":[{\"@type\":\"SearchAction\",\"target\":{\"@type\":\"EntryPoint\",\"urlTemplate\":\"\/?s={search_term_string}\"},\"query-input\":{\"@type\":\"PropertyValueSpecification\",\"valueRequired\":true,\"valueName\":\"search_term_string\"}}],\"inLanguage\":\"en-GB\"},{\"@type\":\"Organization\",\"@id\":\"\/#organization\",\"name\":\"SACI\",\"url\":\"\/\",\"logo\":{\"@type\":\"ImageObject\",\"inLanguage\":\"en-GB\",\"@id\":\"\/#\/schema\/logo\/image\/\",\"url\":\"https:\/\/www.saci.es\/wp-content\/uploads\/2025\/12\/SACI.svg\",\"contentUrl\":\"https:\/\/www.saci.es\/wp-content\/uploads\/2025\/12\/SACI.svg\",\"caption\":\"SACI\"},\"image\":{\"@id\":\"\/#\/schema\/logo\/image\/\"}}]}<\/script>\n<!-- \/ Yoast SEO plugin. -->","yoast_head_json":{"title":"Internal Information System | SACI","robots":{"index":"index","follow":"follow","max-snippet":"max-snippet:-1","max-image-preview":"max-image-preview:large","max-video-preview":"max-video-preview:-1"},"canonical":"https:\/\/www.saci.es\/en\/internal-information-system\/","og_locale":"en_GB","og_type":"article","og_title":"Sistema de informaci\u00f3n interno | SACI","og_url":"https:\/\/www.saci.es\/en\/internal-information-system\/","og_site_name":"SACI","article_modified_time":"2025-12-10T19:33:57+00:00","og_image":[{"url":"http:\/\/saci.es\/wp-content\/uploads\/2025\/12\/personas-burbujas-discurso.webp","type":"","width":"","height":""}],"twitter_card":"summary_large_image","twitter_misc":{"Estimated reading time":"2 minutes"},"schema":{"@context":"https:\/\/schema.org","@graph":[{"@type":"WebPage","@id":"https:\/\/www.saci.es\/en\/sistema-de-informacion-interno\/","url":"https:\/\/www.saci.es\/en\/sistema-de-informacion-interno\/","name":"Internal Information System | SACI","isPartOf":{"@id":"\/#website"},"primaryImageOfPage":{"@id":"https:\/\/www.saci.es\/en\/sistema-de-informacion-interno\/#primaryimage"},"image":{"@id":"https:\/\/www.saci.es\/en\/sistema-de-informacion-interno\/#primaryimage"},"thumbnailUrl":"http:\/\/saci.es\/wp-content\/uploads\/2025\/12\/personas-burbujas-discurso.webp","datePublished":"2025-12-10T18:37:27+00:00","dateModified":"2025-12-10T19:33:57+00:00","breadcrumb":{"@id":"https:\/\/www.saci.es\/en\/sistema-de-informacion-interno\/#breadcrumb"},"inLanguage":"en-GB","potentialAction":[{"@type":"ReadAction","target":["https:\/\/www.saci.es\/en\/sistema-de-informacion-interno\/"]}]},{"@type":"ImageObject","inLanguage":"en-GB","@id":"https:\/\/www.saci.es\/en\/sistema-de-informacion-interno\/#primaryimage","url":"http:\/\/saci.es\/wp-content\/uploads\/2025\/12\/personas-burbujas-discurso.webp","contentUrl":"http:\/\/saci.es\/wp-content\/uploads\/2025\/12\/personas-burbujas-discurso.webp"},{"@type":"BreadcrumbList","@id":"https:\/\/www.saci.es\/en\/sistema-de-informacion-interno\/#breadcrumb","itemListElement":[{"@type":"ListItem","position":1,"name":"Portada","item":"https:\/\/www.saci.es\/"},{"@type":"ListItem","position":2,"name":"Sistema de informaci\u00f3n interno"}]},{"@type":"WebSite","@id":"\/#website","url":"\/","name":"SACI","description":"Design, manufacture and commercialisation of equipment for Electrical Energy Efficiency and Control.","publisher":{"@id":"\/#organization"},"potentialAction":[{"@type":"SearchAction","target":{"@type":"EntryPoint","urlTemplate":"\/?s={search_term_string}"},"query-input":{"@type":"PropertyValueSpecification","valueRequired":true,"valueName":"search_term_string"}}],"inLanguage":"en-GB"},{"@type":"Organization","@id":"\/#organization","name":"SACI","url":"\/","logo":{"@type":"ImageObject","inLanguage":"en-GB","@id":"\/#\/schema\/logo\/image\/","url":"https:\/\/www.saci.es\/wp-content\/uploads\/2025\/12\/SACI.svg","contentUrl":"https:\/\/www.saci.es\/wp-content\/uploads\/2025\/12\/SACI.svg","caption":"SACI"},"image":{"@id":"\/#\/schema\/logo\/image\/"}}]}},"_links":{"self":[{"href":"https:\/\/www.saci.es\/en\/wp-json\/wp\/v2\/pages\/316","targetHints":{"allow":["GET"]}}],"collection":[{"href":"https:\/\/www.saci.es\/en\/wp-json\/wp\/v2\/pages"}],"about":[{"href":"https:\/\/www.saci.es\/en\/wp-json\/wp\/v2\/types\/page"}],"author":[{"embeddable":true,"href":"https:\/\/www.saci.es\/en\/wp-json\/wp\/v2\/users\/1"}],"replies":[{"embeddable":true,"href":"https:\/\/www.saci.es\/en\/wp-json\/wp\/v2\/comments?post=316"}],"version-history":[{"count":10,"href":"https:\/\/www.saci.es\/en\/wp-json\/wp\/v2\/pages\/316\/revisions"}],"predecessor-version":[{"id":346,"href":"https:\/\/www.saci.es\/en\/wp-json\/wp\/v2\/pages\/316\/revisions\/346"}],"wp:attachment":[{"href":"https:\/\/www.saci.es\/en\/wp-json\/wp\/v2\/media?parent=316"}],"curies":[{"name":"wp","href":"https:\/\/api.w.org\/{rel}","templated":true}]}}