{"id":263,"date":"2025-12-10T18:04:07","date_gmt":"2025-12-10T17:04:07","guid":{"rendered":"http:\/\/saci.planetaries.cat\/?page_id=263"},"modified":"2026-01-20T16:42:55","modified_gmt":"2026-01-20T15:42:55","slug":"company","status":"publish","type":"page","link":"https:\/\/www.saci.es\/en\/empresa\/","title":{"rendered":"Company"},"content":{"rendered":"<div class=\"wp-block-columns is-layout-flex wp-container-core-columns-is-layout-9d6595d7 wp-block-columns-is-layout-flex\">\n<div class=\"wp-block-column is-layout-flow wp-block-column-is-layout-flow\">\n<h1 class=\"wp-block-heading\">SACI, a company with an international vision<\/h1>\n<\/div>\n\n\n\n<div class=\"wp-block-column is-layout-flow wp-block-column-is-layout-flow\"><\/div>\n<\/div>\n\n\n\n<div class=\"wp-block-columns is-layout-flex wp-container-core-columns-is-layout-9d6595d7 wp-block-columns-is-layout-flex\">\n<div class=\"wp-block-column is-layout-flow wp-block-column-is-layout-flow\">\n<p>SACI (Sociedad An\u00f3nima de Construcciones Industriales) is one of the leading European companies focused on the design, manufacture and marketing of equipment for Electrical Energy Efficiency and Control. In SACI we manufacture and distribute products such as&nbsp;<a href=\"https:\/\/www.saci.es\/en\/product-category\/products\/network-analysers\/\">analysers<\/a>, transformers, transformers, energy meters,&nbsp;<a href=\"https:\/\/www.saci.es\/en\/product-category\/products\/measurement-transducers\/\">measurement transducers<\/a>, Analogue instruments, digital instruments, etc. We serve more than 80 countries and have more than 3,000 products.<\/p>\n\n\n\n<hr class=\"wp-block-separator has-alpha-channel-opacity\"\/>\n\n\n\n<p>We serve more than 50 countries and employ more than 150 people worldwide.<\/p>\n\n\n\n<hr class=\"wp-block-separator has-alpha-channel-opacity\"\/>\n\n\n\n<h6 class=\"wp-block-heading\"><strong>Jesus Montalban<br><\/strong>Managing Director<\/h6>\n<\/div>\n\n\n\n<div class=\"wp-block-column is-layout-flow wp-block-column-is-layout-flow\">\n<figure class=\"wp-block-image size-large\"><img loading=\"lazy\" decoding=\"async\" width=\"1024\" height=\"683\" src=\"http:\/\/saci.es\/wp-content\/uploads\/2025\/12\/Fotografia-SACI_002-1024x683.jpg\" alt=\"\" class=\"wp-image-350\" srcset=\"https:\/\/www.saci.es\/wp-content\/uploads\/2025\/12\/Fotografia-SACI_002-1024x683.jpg 1024w, https:\/\/www.saci.es\/wp-content\/uploads\/2025\/12\/Fotografia-SACI_002-300x200.jpg 300w, https:\/\/www.saci.es\/wp-content\/uploads\/2025\/12\/Fotografia-SACI_002-768x512.jpg 768w, https:\/\/www.saci.es\/wp-content\/uploads\/2025\/12\/Fotografia-SACI_002-1536x1024.jpg 1536w, https:\/\/www.saci.es\/wp-content\/uploads\/2025\/12\/Fotografia-SACI_002-600x400.jpg 600w, https:\/\/www.saci.es\/wp-content\/uploads\/2025\/12\/Fotografia-SACI_002.jpg 1920w\" sizes=\"auto, (max-width: 1024px) 100vw, 1024px\" \/><\/figure>\n<\/div>\n<\/div>\n\n\n\n<div class=\"wp-block-cover alignfull\"><img loading=\"lazy\" decoding=\"async\" width=\"1024\" height=\"218\" class=\"wp-block-cover__image-background wp-image-354 size-large\" alt=\"\" src=\"http:\/\/saci.es\/wp-content\/uploads\/2025\/12\/bg1-value-1024x218.webp\" data-object-fit=\"cover\" srcset=\"https:\/\/www.saci.es\/wp-content\/uploads\/2025\/12\/bg1-value-1024x218.webp 1024w, https:\/\/www.saci.es\/wp-content\/uploads\/2025\/12\/bg1-value-300x64.webp 300w, https:\/\/www.saci.es\/wp-content\/uploads\/2025\/12\/bg1-value-768x163.webp 768w, https:\/\/www.saci.es\/wp-content\/uploads\/2025\/12\/bg1-value-1536x326.webp 1536w, https:\/\/www.saci.es\/wp-content\/uploads\/2025\/12\/bg1-value-600x128.webp 600w, https:\/\/www.saci.es\/wp-content\/uploads\/2025\/12\/bg1-value.webp 1920w\" sizes=\"auto, (max-width: 1024px) 100vw, 1024px\" \/><span aria-hidden=\"true\" class=\"wp-block-cover__background has-background-dim-40 has-background-dim\"><\/span><div class=\"wp-block-cover__inner-container is-layout-constrained wp-block-cover-is-layout-constrained\">\n<h2 class=\"wp-block-heading has-text-align-left has-large-font-size\">Smart energy for a sustainable future<\/h2>\n<\/div><\/div>\n\n\n\n<div style=\"height:100px\" aria-hidden=\"true\" class=\"wp-block-spacer\"><\/div>\n\n\n\n<div class=\"wp-block-columns is-layout-flex wp-container-core-columns-is-layout-9d6595d7 wp-block-columns-is-layout-flex\">\n<div class=\"wp-block-column is-layout-flow wp-block-column-is-layout-flow\">\n<figure class=\"wp-block-image size-large\"><img loading=\"lazy\" decoding=\"async\" width=\"1024\" height=\"682\" src=\"http:\/\/saci.es\/wp-content\/uploads\/2025\/12\/Fotografia-SACI_019-1024x682.jpg\" alt=\"\" class=\"wp-image-358\" srcset=\"https:\/\/www.saci.es\/wp-content\/uploads\/2025\/12\/Fotografia-SACI_019-1024x682.jpg 1024w, https:\/\/www.saci.es\/wp-content\/uploads\/2025\/12\/Fotografia-SACI_019-300x200.jpg 300w, https:\/\/www.saci.es\/wp-content\/uploads\/2025\/12\/Fotografia-SACI_019-768x512.jpg 768w, https:\/\/www.saci.es\/wp-content\/uploads\/2025\/12\/Fotografia-SACI_019-1536x1024.jpg 1536w, https:\/\/www.saci.es\/wp-content\/uploads\/2025\/12\/Fotografia-SACI_019-600x400.jpg 600w, https:\/\/www.saci.es\/wp-content\/uploads\/2025\/12\/Fotografia-SACI_019.jpg 2000w\" sizes=\"auto, (max-width: 1024px) 100vw, 1024px\" \/><\/figure>\n<\/div>\n\n\n\n<div class=\"wp-block-column is-layout-flow wp-block-column-is-layout-flow\">\n<h2 class=\"wp-block-heading\">Mission: We drive the energy transition with solutions that create tomorrow's energy world.<\/h2>\n\n\n\n<p>Electricity is an important lever in the fight against climate change. Faced with the challenges of the energy transition and digitalisation, SACI is a key player in promoting energy management solutions. Our company considers the energy transition to be at the heart of its strategy and its commitment to a sustainable future.<\/p>\n\n\n\n<ul class=\"wp-block-list\">\n<li>We build an energy world that works for tomorrow.<\/li>\n<\/ul>\n\n\n\n<ul class=\"wp-block-list\">\n<li>We drive innovation and long-term value focused on global energy needs.<\/li>\n<\/ul>\n<\/div>\n<\/div>\n\n\n\n<hr class=\"wp-block-separator has-alpha-channel-opacity\"\/>\n\n\n\n<div style=\"height:40px\" aria-hidden=\"true\" class=\"wp-block-spacer\"><\/div>\n\n\n\n<div class=\"wp-block-columns is-layout-flex wp-container-core-columns-is-layout-9d6595d7 wp-block-columns-is-layout-flex\">\n<div class=\"wp-block-column is-layout-flow wp-block-column-is-layout-flow\">\n<h2 class=\"wp-block-heading\">Vision: We lead a more digital, efficient and resilient energy future.<\/h2>\n\n\n\n<p>We have different&nbsp;<a href=\"https:\/\/www.saci.es\/en\/recursos\/catalogos\/\">catalogues<\/a>&nbsp;offering industrial, residential and commercial markets solutions based on quality and efficiency.<\/p>\n\n\n\n<ul class=\"wp-block-list\">\n<li>Driving a more digital and sustainable energy future.<\/li>\n<\/ul>\n\n\n\n<ul class=\"wp-block-list\">\n<li>Create new possibilities for energy management, with efficient and sustainable technologies.<\/li>\n<\/ul>\n\n\n\n<ul class=\"wp-block-list\">\n<li>Backed by more resilient and sustainable products and practices.<\/li>\n<\/ul>\n\n\n\n<ul class=\"wp-block-list\">\n<li>Committed to enhancing long-term growth and value for the entire value chain.<\/li>\n<\/ul>\n<\/div>\n\n\n\n<div class=\"wp-block-column is-layout-flow wp-block-column-is-layout-flow\">\n<figure class=\"wp-block-image size-large\"><img loading=\"lazy\" decoding=\"async\" width=\"1024\" height=\"682\" src=\"http:\/\/saci.es\/wp-content\/uploads\/2025\/12\/Fotografia-SACI_144-1024x682.jpg\" alt=\"\" class=\"wp-image-371\" srcset=\"https:\/\/www.saci.es\/wp-content\/uploads\/2025\/12\/Fotografia-SACI_144-1024x682.jpg 1024w, https:\/\/www.saci.es\/wp-content\/uploads\/2025\/12\/Fotografia-SACI_144-300x200.jpg 300w, https:\/\/www.saci.es\/wp-content\/uploads\/2025\/12\/Fotografia-SACI_144-768x512.jpg 768w, https:\/\/www.saci.es\/wp-content\/uploads\/2025\/12\/Fotografia-SACI_144-1536x1024.jpg 1536w, https:\/\/www.saci.es\/wp-content\/uploads\/2025\/12\/Fotografia-SACI_144-600x400.jpg 600w, https:\/\/www.saci.es\/wp-content\/uploads\/2025\/12\/Fotografia-SACI_144.jpg 2000w\" sizes=\"auto, (max-width: 1024px) 100vw, 1024px\" \/><\/figure>\n<\/div>\n<\/div>\n\n\n\n<hr class=\"wp-block-separator has-alpha-channel-opacity\"\/>\n\n\n\n<div style=\"height:40px\" aria-hidden=\"true\" class=\"wp-block-spacer\"><\/div>\n\n\n\n<div class=\"wp-block-columns is-layout-flex wp-container-core-columns-is-layout-9d6595d7 wp-block-columns-is-layout-flex\">\n<div class=\"wp-block-column is-layout-flow wp-block-column-is-layout-flow\">\n<figure class=\"wp-block-image size-large\"><img loading=\"lazy\" decoding=\"async\" width=\"1024\" height=\"683\" src=\"http:\/\/saci.es\/wp-content\/uploads\/2025\/12\/Fotografia-SACI_023-b-1024x683.jpg\" alt=\"\" class=\"wp-image-372\" srcset=\"https:\/\/www.saci.es\/wp-content\/uploads\/2025\/12\/Fotografia-SACI_023-b-1024x683.jpg 1024w, https:\/\/www.saci.es\/wp-content\/uploads\/2025\/12\/Fotografia-SACI_023-b-300x200.jpg 300w, https:\/\/www.saci.es\/wp-content\/uploads\/2025\/12\/Fotografia-SACI_023-b-768x512.jpg 768w, https:\/\/www.saci.es\/wp-content\/uploads\/2025\/12\/Fotografia-SACI_023-b-600x400.jpg 600w, https:\/\/www.saci.es\/wp-content\/uploads\/2025\/12\/Fotografia-SACI_023-b.jpg 1500w\" sizes=\"auto, (max-width: 1024px) 100vw, 1024px\" \/><\/figure>\n<\/div>\n\n\n\n<div class=\"wp-block-column is-layout-flow wp-block-column-is-layout-flow\">\n<h2 class=\"wp-block-heading\">Values: Innovation, trust and sustainability in every solution.<\/h2>\n\n\n\n<p>SACI is more than a supplier. By developing innovative, digital energy solutions, we are inspiring our customers, creating more value and helping to improve the performance of their operations.<\/p>\n\n\n\n<ul class=\"wp-block-list\">\n<li>Leadership in innovation.<\/li>\n<\/ul>\n\n\n\n<ul class=\"wp-block-list\">\n<li>To improve the lives, safety and security of our society and those who work on our behalf.<\/li>\n<\/ul>\n\n\n\n<ul class=\"wp-block-list\">\n<li>Safety, quality and competitive prices.<\/li>\n<\/ul>\n\n\n\n<ul class=\"wp-block-list\">\n<li>Customer-focused.<\/li>\n<\/ul>\n\n\n\n<ul class=\"wp-block-list\">\n<li>An environmentally responsible brand.<\/li>\n<\/ul>\n<\/div>\n<\/div>\n\n\n\n<div style=\"height:60px\" aria-hidden=\"true\" class=\"wp-block-spacer\"><\/div>\n\n\n\n<div class=\"wp-block-cover alignfull\"><img loading=\"lazy\" decoding=\"async\" width=\"1024\" height=\"683\" class=\"wp-block-cover__image-background wp-image-376 size-large\" alt=\"\" src=\"http:\/\/saci.es\/wp-content\/uploads\/2025\/12\/global-1024x683.jpg\" data-object-fit=\"cover\" srcset=\"https:\/\/www.saci.es\/wp-content\/uploads\/2025\/12\/global-1024x683.jpg 1024w, https:\/\/www.saci.es\/wp-content\/uploads\/2025\/12\/global-300x200.jpg 300w, https:\/\/www.saci.es\/wp-content\/uploads\/2025\/12\/global-768x512.jpg 768w, https:\/\/www.saci.es\/wp-content\/uploads\/2025\/12\/global-1536x1024.jpg 1536w, https:\/\/www.saci.es\/wp-content\/uploads\/2025\/12\/global-2048x1366.jpg 2048w, https:\/\/www.saci.es\/wp-content\/uploads\/2025\/12\/global-600x400.jpg 600w\" sizes=\"auto, (max-width: 1024px) 100vw, 1024px\" \/><span aria-hidden=\"true\" class=\"wp-block-cover__background has-contrast-background-color has-background-dim-70 has-background-dim\"><\/span><div class=\"wp-block-cover__inner-container is-layout-constrained wp-block-cover-is-layout-constrained\">\n<div class=\"wp-block-columns is-layout-flex wp-container-core-columns-is-layout-9d6595d7 wp-block-columns-is-layout-flex\">\n<div class=\"wp-block-column is-layout-flow wp-block-column-is-layout-flow\">\n<h2 class=\"wp-block-heading has-text-align-center has-large-font-size\">Company with a global vision<\/h2>\n\n\n\n<p class=\"has-text-align-center\">Today, with more than 10 engineers, we continue to work continuously to meet our customers' needs and develop the most innovative products, facilitated by the latest technological advances. Our facilities and processes are fully ISO 9001 certified, demonstrating our commitment to product and customer quality.<\/p>\n<\/div>\n<\/div>\n<\/div><\/div>","protected":false},"excerpt":{"rendered":"","protected":false},"author":1,"featured_media":0,"parent":0,"menu_order":0,"comment_status":"closed","ping_status":"closed","template":"","meta":{"_acf_changed":false,"footnotes":""},"class_list":["post-263","page","type-page","status-publish"],"acf":[],"yoast_head":"<!-- This site is optimized with the Yoast SEO plugin v26.9 - https:\/\/yoast.com\/product\/yoast-seo-wordpress\/ -->\n<title>Empresa | SACI<\/title>\n<meta name=\"robots\" content=\"index, follow, max-snippet:-1, max-image-preview:large, max-video-preview:-1\" \/>\n<link rel=\"canonical\" href=\"https:\/\/www.saci.es\/en\/company\/\" \/>\n<meta property=\"og:locale\" content=\"en_GB\" \/>\n<meta property=\"og:type\" content=\"article\" \/>\n<meta property=\"og:title\" content=\"Empresa | SACI\" \/>\n<meta property=\"og:url\" content=\"https:\/\/www.saci.es\/en\/company\/\" \/>\n<meta property=\"og:site_name\" content=\"SACI\" \/>\n<meta property=\"article:modified_time\" content=\"2026-01-20T15:42:55+00:00\" \/>\n<meta property=\"og:image\" content=\"http:\/\/saci.es\/wp-content\/uploads\/2025\/12\/Fotografia-SACI_002-1024x683.jpg\" \/>\n<meta name=\"twitter:card\" content=\"summary_large_image\" \/>\n<meta name=\"twitter:label1\" content=\"Estimated reading time\" \/>\n\t<meta name=\"twitter:data1\" content=\"4 minutes\" \/>\n<script type=\"application\/ld+json\" class=\"yoast-schema-graph\">{\"@context\":\"https:\/\/schema.org\",\"@graph\":[{\"@type\":\"WebPage\",\"@id\":\"https:\/\/www.saci.es\/empresa\/\",\"url\":\"https:\/\/www.saci.es\/empresa\/\",\"name\":\"Empresa | SACI\",\"isPartOf\":{\"@id\":\"\/#website\"},\"primaryImageOfPage\":{\"@id\":\"https:\/\/www.saci.es\/empresa\/#primaryimage\"},\"image\":{\"@id\":\"https:\/\/www.saci.es\/empresa\/#primaryimage\"},\"thumbnailUrl\":\"http:\/\/saci.es\/wp-content\/uploads\/2025\/12\/Fotografia-SACI_002-1024x683.jpg\",\"datePublished\":\"2025-12-10T17:04:07+00:00\",\"dateModified\":\"2026-01-20T15:42:55+00:00\",\"breadcrumb\":{\"@id\":\"https:\/\/www.saci.es\/empresa\/#breadcrumb\"},\"inLanguage\":\"en-GB\",\"potentialAction\":[{\"@type\":\"ReadAction\",\"target\":[\"https:\/\/www.saci.es\/empresa\/\"]}]},{\"@type\":\"ImageObject\",\"inLanguage\":\"en-GB\",\"@id\":\"https:\/\/www.saci.es\/empresa\/#primaryimage\",\"url\":\"http:\/\/saci.es\/wp-content\/uploads\/2025\/12\/Fotografia-SACI_002-1024x683.jpg\",\"contentUrl\":\"http:\/\/saci.es\/wp-content\/uploads\/2025\/12\/Fotografia-SACI_002-1024x683.jpg\"},{\"@type\":\"BreadcrumbList\",\"@id\":\"https:\/\/www.saci.es\/empresa\/#breadcrumb\",\"itemListElement\":[{\"@type\":\"ListItem\",\"position\":1,\"name\":\"Portada\",\"item\":\"https:\/\/www.saci.es\/\"},{\"@type\":\"ListItem\",\"position\":2,\"name\":\"Empresa\"}]},{\"@type\":\"WebSite\",\"@id\":\"\/#website\",\"url\":\"\/\",\"name\":\"SACI\",\"description\":\"Dise\u00f1o, fabricaci\u00f3n y comercializaci\u00f3n de equipos orientados al Control y Eficiencia Energ\u00e9tica El\u00e9ctrica\",\"publisher\":{\"@id\":\"\/#organization\"},\"potentialAction\":[{\"@type\":\"SearchAction\",\"target\":{\"@type\":\"EntryPoint\",\"urlTemplate\":\"\/?s={search_term_string}\"},\"query-input\":{\"@type\":\"PropertyValueSpecification\",\"valueRequired\":true,\"valueName\":\"search_term_string\"}}],\"inLanguage\":\"en-GB\"},{\"@type\":\"Organization\",\"@id\":\"\/#organization\",\"name\":\"SACI\",\"url\":\"\/\",\"logo\":{\"@type\":\"ImageObject\",\"inLanguage\":\"en-GB\",\"@id\":\"\/#\/schema\/logo\/image\/\",\"url\":\"https:\/\/www.saci.es\/wp-content\/uploads\/2025\/12\/SACI.svg\",\"contentUrl\":\"https:\/\/www.saci.es\/wp-content\/uploads\/2025\/12\/SACI.svg\",\"caption\":\"SACI\"},\"image\":{\"@id\":\"\/#\/schema\/logo\/image\/\"}}]}<\/script>\n<!-- \/ Yoast SEO plugin. -->","yoast_head_json":{"title":"Company : SACI","robots":{"index":"index","follow":"follow","max-snippet":"max-snippet:-1","max-image-preview":"max-image-preview:large","max-video-preview":"max-video-preview:-1"},"canonical":"https:\/\/www.saci.es\/en\/company\/","og_locale":"en_GB","og_type":"article","og_title":"Empresa | SACI","og_url":"https:\/\/www.saci.es\/en\/company\/","og_site_name":"SACI","article_modified_time":"2026-01-20T15:42:55+00:00","og_image":[{"url":"http:\/\/saci.es\/wp-content\/uploads\/2025\/12\/Fotografia-SACI_002-1024x683.jpg","type":"","width":"","height":""}],"twitter_card":"summary_large_image","twitter_misc":{"Estimated reading time":"4 minutes"},"schema":{"@context":"https:\/\/schema.org","@graph":[{"@type":"WebPage","@id":"https:\/\/www.saci.es\/empresa\/","url":"https:\/\/www.saci.es\/empresa\/","name":"Company : SACI","isPartOf":{"@id":"\/#website"},"primaryImageOfPage":{"@id":"https:\/\/www.saci.es\/empresa\/#primaryimage"},"image":{"@id":"https:\/\/www.saci.es\/empresa\/#primaryimage"},"thumbnailUrl":"http:\/\/saci.es\/wp-content\/uploads\/2025\/12\/Fotografia-SACI_002-1024x683.jpg","datePublished":"2025-12-10T17:04:07+00:00","dateModified":"2026-01-20T15:42:55+00:00","breadcrumb":{"@id":"https:\/\/www.saci.es\/empresa\/#breadcrumb"},"inLanguage":"en-GB","potentialAction":[{"@type":"ReadAction","target":["https:\/\/www.saci.es\/empresa\/"]}]},{"@type":"ImageObject","inLanguage":"en-GB","@id":"https:\/\/www.saci.es\/empresa\/#primaryimage","url":"http:\/\/saci.es\/wp-content\/uploads\/2025\/12\/Fotografia-SACI_002-1024x683.jpg","contentUrl":"http:\/\/saci.es\/wp-content\/uploads\/2025\/12\/Fotografia-SACI_002-1024x683.jpg"},{"@type":"BreadcrumbList","@id":"https:\/\/www.saci.es\/empresa\/#breadcrumb","itemListElement":[{"@type":"ListItem","position":1,"name":"Portada","item":"https:\/\/www.saci.es\/"},{"@type":"ListItem","position":2,"name":"Empresa"}]},{"@type":"WebSite","@id":"\/#website","url":"\/","name":"SACI","description":"Design, manufacture and commercialisation of equipment for Electrical Energy Efficiency and Control.","publisher":{"@id":"\/#organization"},"potentialAction":[{"@type":"SearchAction","target":{"@type":"EntryPoint","urlTemplate":"\/?s={search_term_string}"},"query-input":{"@type":"PropertyValueSpecification","valueRequired":true,"valueName":"search_term_string"}}],"inLanguage":"en-GB"},{"@type":"Organization","@id":"\/#organization","name":"SACI","url":"\/","logo":{"@type":"ImageObject","inLanguage":"en-GB","@id":"\/#\/schema\/logo\/image\/","url":"https:\/\/www.saci.es\/wp-content\/uploads\/2025\/12\/SACI.svg","contentUrl":"https:\/\/www.saci.es\/wp-content\/uploads\/2025\/12\/SACI.svg","caption":"SACI"},"image":{"@id":"\/#\/schema\/logo\/image\/"}}]}},"_links":{"self":[{"href":"https:\/\/www.saci.es\/en\/wp-json\/wp\/v2\/pages\/263","targetHints":{"allow":["GET"]}}],"collection":[{"href":"https:\/\/www.saci.es\/en\/wp-json\/wp\/v2\/pages"}],"about":[{"href":"https:\/\/www.saci.es\/en\/wp-json\/wp\/v2\/types\/page"}],"author":[{"embeddable":true,"href":"https:\/\/www.saci.es\/en\/wp-json\/wp\/v2\/users\/1"}],"replies":[{"embeddable":true,"href":"https:\/\/www.saci.es\/en\/wp-json\/wp\/v2\/comments?post=263"}],"version-history":[{"count":37,"href":"https:\/\/www.saci.es\/en\/wp-json\/wp\/v2\/pages\/263\/revisions"}],"predecessor-version":[{"id":21361,"href":"https:\/\/www.saci.es\/en\/wp-json\/wp\/v2\/pages\/263\/revisions\/21361"}],"wp:attachment":[{"href":"https:\/\/www.saci.es\/en\/wp-json\/wp\/v2\/media?parent=263"}],"curies":[{"name":"wp","href":"https:\/\/api.w.org\/{rel}","templated":true}]}}